{"id":1167,"date":"2018-11-18T03:45:15","date_gmt":"2018-11-18T03:45:15","guid":{"rendered":"http:\/\/varnerfel.1p21.io\/?page_id=1167"},"modified":"2026-01-31T08:48:43","modified_gmt":"2026-01-31T15:48:43","slug":"denver-aceras-defectuosas-desigual-abogado","status":"publish","type":"page","link":"https:\/\/varnerinjuryadvocates.com\/es\/denver-aceras-defectuosas-desigual-abogado\/","title":{"rendered":"Denver Desigual \/ Acera defectuosa Abogados de Lesiones"},"content":{"rendered":"<h1><span data-sheets-root=\"1\" data-sheets-value=\"{&quot;1&quot;:2,&quot;2&quot;:&quot;Sidewalk Accident Lawyer in Denver, CO &quot;}\" data-sheets-userformat=\"{&quot;2&quot;:33567681,&quot;3&quot;:{&quot;1&quot;:0},&quot;9&quot;:0,&quot;10&quot;:1,&quot;11&quot;:3,&quot;12&quot;:0,&quot;15&quot;:&quot;Montserrat&quot;,&quot;16&quot;:11,&quot;28&quot;:1}\">Abogado de Accidente de Acera en Denver, CO <\/span><\/h1>\n<p>Los defectos en las aceras son una causa com\u00fan de accidentes con lesiones personales en Denver. Las aceras y pasarelas irregulares, agrietadas y da\u00f1adas crean riesgos de tropiezos y ca\u00eddas para clientes, compradores e invitados. Cada a\u00f1o, m\u00e1s de 3 millones de personas van al hospital por lesiones relacionadas con ca\u00eddas, seg\u00fan la <a href=\"https:\/\/nfsi.org\/nfsi-research\/quick-facts\/\" target=\"_blank\" rel=\"noopener\">Centros para el Control y la Prevenci\u00f3n de Enfermedades<\/a>. Si una acera desnivelada o defectuosa en Denver caus\u00f3 sus lesiones, p\u00f3ngase en contacto con Varner Injury Advocates, LLC. Podemos ayudarle a recuperarse.<\/p>\n<h2>Por qu\u00e9 elegirnos como su abogado<\/h2>\n<p><img loading=\"lazy\" decoding=\"async\" class=\"size-medium wp-image-1116 alignright\" src=\"https:\/\/varnerinjuryadvocates.com\/wp-content\/uploads\/2018\/10\/NTL-top-40-member-logo-300x144.png\" alt=\"National Trial Lawyers Top 40 Under 40\" width=\"300\" height=\"144\" \/>Uno de nuestros socios, <a href=\"https:\/\/varnerinjuryadvocates.com\/es\/personal-injury-attorneys\/lauren-varner\/\">abogada Lauren Varner<\/a>tiene una amplia experiencia en <a href=\"\/es\/abogado-de-responsabilidad-de-locales-en-denver\/\">responsabilidad de las instalaciones<\/a> y <a href=\"\/es\/denver-tropiezo-caida-accidentes-abogado\/\">resbalones y ca\u00eddas<\/a> reclamaciones. Aceptamos muchas demandas relacionadas con aceras que otras empresas de lesiones personales rechazan debido a problemas de responsabilidad percibida. Despu\u00e9s de tropezar y caer en una acera insegura, p\u00f3ngase en contacto con nosotros para obtener asesoramiento. Nos tomaremos su caso en serio y emprenderemos acciones inmediatas para lograr una resoluci\u00f3n positiva.<\/p>\n<h2>\u00bfPor qu\u00e9 necesita un abogado?<\/h2>\n<p>Por desgracia, muchas reclamaciones fraudulentas por tropiezos y ca\u00eddas han dado a este tipo de casos un estigma negativo en el mundo jur\u00eddico. Esto puede llevar a que las compa\u00f1\u00edas de responsabilidad general nieguen las reclamaciones de responsabilidad de las instalaciones y se nieguen a indemnizar a las v\u00edctimas. Usted necesita un abogado que le ayude a probar la autenticidad y legitimidad de su reclamaci\u00f3n por ca\u00edda de acera en Denver. Uno de nuestros abogados puede reunir pruebas contra el due\u00f1o de la propiedad, probar sus lesiones ante un juez o jurado, y luchar por una compensaci\u00f3n justa a trav\u00e9s de las salidas legales correctas. Contratar a un abogado puede darle confianza y tranquilidad en su caso mientras usted se concentra en curarse.<\/p>\n<h2>Lesiones comunes sufridas por aceras defectuosas<\/h2>\n<p>Los defectos de las aceras pueden hacer que las entradas a los edificios o los caminos de los hu\u00e9spedes sean excesivamente peligrosos para los visitantes. Un d\u00eda normal de recados puede acabar en el hospital si el propietario de un banco, una tienda de comestibles u otro negocio ignora negligentemente una acera irregular o agrietada. Aunque cada caso es \u00fanico, las siguientes son lesiones comunes que surgen de accidentes de tropiezo y ca\u00edda en aceras:<\/p>\n<ul>\n<li><strong>Fracturas.<\/strong> Las fracturas son las lesiones m\u00e1s graves relacionadas con las ca\u00eddas y se producen en aproximadamente el 5% de las personas que se caen. Las fracturas m\u00e1s frecuentes son las de cadera y mu\u00f1eca. Las fracturas de cadera provocan el mayor n\u00famero de muertes por ca\u00eddas.<\/li>\n<li><strong><a href=\"\/es\/areas-de-practica\/burn-injuries\/\">Lesi\u00f3n craneal o cerebral<\/a>.<\/strong> Las ca\u00eddas son la principal causa de traumatismo craneoencef\u00e1lico. Golpearse la cabeza durante una ca\u00edda puede provocar hemorragias o inflamaci\u00f3n del cerebro y afecciones graves relacionadas.<\/li>\n<li><strong>Lesiones de tejidos blandos.<\/strong> Una ca\u00edda en la acera tambi\u00e9n puede provocar sobrecargas y tirones musculares, as\u00ed como esguinces y distensiones. Las lesiones de tejidos blandos pueden ser dolorosas y requerir semanas o meses de recuperaci\u00f3n.<\/li>\n<\/ul>\n<p>Si usted sufri\u00f3 una de estas lesiones o un tipo diferente de da\u00f1o en un accidente de tropiezo y ca\u00edda en una acera, p\u00f3ngase en contacto con nuestro bufete. Nuestros abogados orientados a resultados escuchar\u00e1n su historia y le dar\u00e1n a su caso el cuidado personal y la atenci\u00f3n que se merece.<\/p>\n<h2>Determinaci\u00f3n de la responsabilidad<\/h2>\n<p>El propietario tiene la obligaci\u00f3n legal de inspeccionar los aparcamientos, las aceras y los edificios en busca de peligros antes de recibir a los visitantes. Si un propietario detecta defectos, debe pagar las reparaciones o colocar se\u00f1ales visibles que adviertan a los invitados del peligro. El hecho de no reparar una acera irregular o defectuosa en un plazo de tiempo que un propietario \"razonable y prudente\" habr\u00eda tenido, con el resultado de un accidente por ca\u00edda, es negligencia. Un propietario ser\u00e1 responsable de los da\u00f1os por tropiezo y ca\u00edda si la v\u00edctima puede demostrar que el propietario ten\u00eda un deber de diligencia, incumpli\u00f3 este deber y, al hacerlo, caus\u00f3 el accidente por ca\u00edda.<\/p>\n<h2>P\u00f3ngase en contacto con nosotros<\/h2>\n<p>En Varner Injury Advocates, LLC, nuestros abogados pueden ayudarle a determinar y probar la responsabilidad de una compleja demanda por accidente relacionado con una acera en Denver. <a href=\"\/es\/contacto\/\">P\u00f3ngase en contacto con nosotros<\/a> hoy mismo para saber c\u00f3mo podemos ayudarle.<\/p>\n<h3>Oficina<\/h3>\n<p>Calle Quebec Sur 6025<br \/>\nSuite 100<br \/>\nCentennial, CO 80111<br \/>\nTel\u00e9fono: <a href=\"tel: +1720-710-9073\">720-710-9073<\/a><\/p>\n<p><iframe loading=\"lazy\" style=\"border: 0;\" src=\"https:\/\/www.google.com\/maps\/embed?pb=!1m18!1m12!1m3!1d3073.887741927799!2d-104.9054209!3d39.6072112!2m3!1f0!2f0!3f0!3m2!1i1024!2i768!4f13.1!3m3!1m2!1s0x876c8692c9baaaab%3A0x1b81577a3860788c!2sVarner%20Faddis%20Elite%20Legal!5e0!3m2!1sen!2sus!4v1653688590810!5m2!1sen!2sus\" width=\"600\" height=\"450\" allowfullscreen=\"allowfullscreen\" data-mce-fragment=\"1\"><\/iframe><\/p>","protected":false},"excerpt":{"rendered":"<p>Abogado de Accidentes de Acera en Denver, CO Los defectos en las aceras son una causa com\u00fan de accidentes de lesiones personales en Denver. Las aceras y pasarelas irregulares, agrietadas y da\u00f1adas crean peligros de tropiezos y ca\u00eddas para los clientes, compradores y hu\u00e9spedes de la propiedad. Cada a\u00f1o, m\u00e1s de 3 millones de personas van al hospital por lesiones relacionadas con ca\u00eddas, seg\u00fan los Centros para la Prevenci\u00f3n y el Control de Enfermedades (CDC).<\/p>","protected":false},"author":15,"featured_media":0,"parent":0,"menu_order":0,"comment_status":"closed","ping_status":"closed","template":"","meta":{"_acf_changed":false,"footnotes":""},"class_list":["post-1167","page","type-page","status-publish","hentry"],"acf":[],"yoast_head":"<!-- This site is optimized with the Yoast SEO Premium plugin v21.4 (Yoast SEO v25.7) - https:\/\/yoast.com\/wordpress\/plugins\/seo\/ -->\n<title>Denver Sidewalk Accident Lawyer | Varner Faddis Elite Legal<\/title>\n<meta name=\"description\" content=\"Were you in a sidwalk slip &amp; fall accident? Get help now! Varner Faddis, can help you recover compensation for medical bills, lost wages, and more. Call now!\" \/>\n<meta name=\"robots\" content=\"index, follow, max-snippet:-1, max-image-preview:large, max-video-preview:-1\" \/>\n<link rel=\"canonical\" href=\"https:\/\/varnerinjuryadvocates.com\/es\/denver-aceras-defectuosas-desigual-abogado\/\" \/>\n<meta property=\"og:locale\" content=\"es_MX\" \/>\n<meta property=\"og:type\" content=\"article\" \/>\n<meta property=\"og:title\" content=\"Denver Uneven\/Defective Sidewalk Injury Lawyers\" \/>\n<meta property=\"og:description\" content=\"Were you in a sidwalk slip &amp; fall accident? Get help now! Varner Faddis, can help you recover compensation for medical bills, lost wages, and more. Call now!\" \/>\n<meta property=\"og:url\" content=\"https:\/\/varnerinjuryadvocates.com\/es\/denver-aceras-defectuosas-desigual-abogado\/\" \/>\n<meta property=\"og:site_name\" content=\"Varner Elite Legal\" \/>\n<meta property=\"article:publisher\" content=\"https:\/\/www.facebook.com\/VFELcolorado\/\" \/>\n<meta property=\"article:modified_time\" content=\"2026-01-31T15:48:43+00:00\" \/>\n<meta property=\"og:image\" content=\"https:\/\/varnerinjuryadvocates.com\/wp-content\/uploads\/2018\/10\/NTL-top-40-member-logo.png\" \/>\n\t<meta property=\"og:image:width\" content=\"300\" \/>\n\t<meta property=\"og:image:height\" content=\"144\" \/>\n\t<meta property=\"og:image:type\" content=\"image\/png\" \/>\n<meta name=\"twitter:card\" content=\"summary_large_image\" \/>\n<meta name=\"twitter:label1\" content=\"Tiempo de lectura\" \/>\n\t<meta name=\"twitter:data1\" content=\"4 minutos\" \/>\n<script type=\"application\/ld+json\" class=\"yoast-schema-graph\">{\"@context\":\"https:\/\/schema.org\",\"@graph\":[{\"@type\":\"WebPage\",\"@id\":\"https:\/\/varnerinjuryadvocates.com\/denver-uneven-defective-sidewalks-lawyer\/\",\"url\":\"https:\/\/varnerinjuryadvocates.com\/denver-uneven-defective-sidewalks-lawyer\/\",\"name\":\"Denver Sidewalk Accident Lawyer | Varner Faddis Elite Legal\",\"isPartOf\":{\"@id\":\"https:\/\/varnerinjuryadvocates.com\/#website\"},\"primaryImageOfPage\":{\"@id\":\"https:\/\/varnerinjuryadvocates.com\/denver-uneven-defective-sidewalks-lawyer\/#primaryimage\"},\"image\":{\"@id\":\"https:\/\/varnerinjuryadvocates.com\/denver-uneven-defective-sidewalks-lawyer\/#primaryimage\"},\"thumbnailUrl\":\"https:\/\/varnerinjuryadvocates.com\/wp-content\/uploads\/2018\/10\/NTL-top-40-member-logo-300x144.png\",\"datePublished\":\"2018-11-18T03:45:15+00:00\",\"dateModified\":\"2026-01-31T15:48:43+00:00\",\"description\":\"Were you in a sidwalk slip & fall accident? Get help now! Varner Faddis, can help you recover compensation for medical bills, lost wages, and more. Call now!\",\"breadcrumb\":{\"@id\":\"https:\/\/varnerinjuryadvocates.com\/denver-uneven-defective-sidewalks-lawyer\/#breadcrumb\"},\"inLanguage\":\"es\",\"potentialAction\":[{\"@type\":\"ReadAction\",\"target\":[\"https:\/\/varnerinjuryadvocates.com\/denver-uneven-defective-sidewalks-lawyer\/\"]}]},{\"@type\":\"ImageObject\",\"inLanguage\":\"es\",\"@id\":\"https:\/\/varnerinjuryadvocates.com\/denver-uneven-defective-sidewalks-lawyer\/#primaryimage\",\"url\":\"https:\/\/varnerinjuryadvocates.com\/wp-content\/uploads\/2018\/10\/NTL-top-40-member-logo-300x144.png\",\"contentUrl\":\"https:\/\/varnerinjuryadvocates.com\/wp-content\/uploads\/2018\/10\/NTL-top-40-member-logo-300x144.png\"},{\"@type\":\"BreadcrumbList\",\"@id\":\"https:\/\/varnerinjuryadvocates.com\/denver-uneven-defective-sidewalks-lawyer\/#breadcrumb\",\"itemListElement\":[{\"@type\":\"ListItem\",\"position\":1,\"name\":\"Home\",\"item\":\"https:\/\/varnerinjuryadvocates.com\/\"},{\"@type\":\"ListItem\",\"position\":2,\"name\":\"Denver Uneven\/Defective Sidewalk Injury Lawyers\"}]},{\"@type\":\"WebSite\",\"@id\":\"https:\/\/varnerinjuryadvocates.com\/#website\",\"url\":\"https:\/\/varnerinjuryadvocates.com\/\",\"name\":\"Varner Elite Legal\",\"description\":\"A New Kind Of Personal Injury Law Firm\",\"publisher\":{\"@id\":\"https:\/\/varnerinjuryadvocates.com\/#organization\"},\"potentialAction\":[{\"@type\":\"SearchAction\",\"target\":{\"@type\":\"EntryPoint\",\"urlTemplate\":\"https:\/\/varnerinjuryadvocates.com\/?s={search_term_string}\"},\"query-input\":{\"@type\":\"PropertyValueSpecification\",\"valueRequired\":true,\"valueName\":\"search_term_string\"}}],\"inLanguage\":\"es\"},{\"@type\":\"Organization\",\"@id\":\"https:\/\/varnerinjuryadvocates.com\/#organization\",\"name\":\"Varner Faddis Elite Legal, PLLC\",\"url\":\"https:\/\/varnerinjuryadvocates.com\/\",\"logo\":{\"@type\":\"ImageObject\",\"inLanguage\":\"es\",\"@id\":\"https:\/\/varnerinjuryadvocates.com\/#\/schema\/logo\/image\/\",\"url\":\"https:\/\/varnerinjuryadvocates.com\/wp-content\/uploads\/2020\/09\/VarnerFaddis-MainLogo-Black-Web.jpg\",\"contentUrl\":\"https:\/\/varnerinjuryadvocates.com\/wp-content\/uploads\/2020\/09\/VarnerFaddis-MainLogo-Black-Web.jpg\",\"width\":2000,\"height\":1456,\"caption\":\"Varner Faddis Elite Legal, PLLC\"},\"image\":{\"@id\":\"https:\/\/varnerinjuryadvocates.com\/#\/schema\/logo\/image\/\"},\"sameAs\":[\"https:\/\/www.facebook.com\/VFELcolorado\/\",\"https:\/\/www.instagram.com\/varnerfaddis\/\"]}]}<\/script>\n<!-- \/ Yoast SEO Premium plugin. -->","yoast_head_json":{"title":"Denver Abogado de Accidente de Acera | Varner Faddis Elite Legal","description":"\u00bfHa sufrido un accidente por resbal\u00f3n y ca\u00edda en la acera? \u00a1Obtenga ayuda ahora! Varner Faddis, puede ayudarle a recuperar la indemnizaci\u00f3n por gastos m\u00e9dicos, salarios perdidos, y mucho m\u00e1s. \u00a1Llame ahora!","robots":{"index":"index","follow":"follow","max-snippet":"max-snippet:-1","max-image-preview":"max-image-preview:large","max-video-preview":"max-video-preview:-1"},"canonical":"https:\/\/varnerinjuryadvocates.com\/es\/denver-aceras-defectuosas-desigual-abogado\/","og_locale":"es_MX","og_type":"article","og_title":"Denver Uneven\/Defective Sidewalk Injury Lawyers","og_description":"Were you in a sidwalk slip & fall accident? Get help now! Varner Faddis, can help you recover compensation for medical bills, lost wages, and more. Call now!","og_url":"https:\/\/varnerinjuryadvocates.com\/es\/denver-aceras-defectuosas-desigual-abogado\/","og_site_name":"Varner Elite Legal","article_publisher":"https:\/\/www.facebook.com\/VFELcolorado\/","article_modified_time":"2026-01-31T15:48:43+00:00","og_image":[{"width":300,"height":144,"url":"https:\/\/varnerinjuryadvocates.com\/wp-content\/uploads\/2018\/10\/NTL-top-40-member-logo.png","type":"image\/png"}],"twitter_card":"summary_large_image","twitter_misc":{"Tiempo de lectura":"4 minutos"},"schema":{"@context":"https:\/\/schema.org","@graph":[{"@type":"WebPage","@id":"https:\/\/varnerinjuryadvocates.com\/denver-uneven-defective-sidewalks-lawyer\/","url":"https:\/\/varnerinjuryadvocates.com\/denver-uneven-defective-sidewalks-lawyer\/","name":"Denver Abogado de Accidente de Acera | Varner Faddis Elite Legal","isPartOf":{"@id":"https:\/\/varnerinjuryadvocates.com\/#website"},"primaryImageOfPage":{"@id":"https:\/\/varnerinjuryadvocates.com\/denver-uneven-defective-sidewalks-lawyer\/#primaryimage"},"image":{"@id":"https:\/\/varnerinjuryadvocates.com\/denver-uneven-defective-sidewalks-lawyer\/#primaryimage"},"thumbnailUrl":"https:\/\/varnerinjuryadvocates.com\/wp-content\/uploads\/2018\/10\/NTL-top-40-member-logo-300x144.png","datePublished":"2018-11-18T03:45:15+00:00","dateModified":"2026-01-31T15:48:43+00:00","description":"\u00bfHa sufrido un accidente por resbal\u00f3n y ca\u00edda en la acera? \u00a1Obtenga ayuda ahora! Varner Faddis, puede ayudarle a recuperar la indemnizaci\u00f3n por gastos m\u00e9dicos, salarios perdidos, y mucho m\u00e1s. \u00a1Llame ahora!","breadcrumb":{"@id":"https:\/\/varnerinjuryadvocates.com\/denver-uneven-defective-sidewalks-lawyer\/#breadcrumb"},"inLanguage":"es","potentialAction":[{"@type":"ReadAction","target":["https:\/\/varnerinjuryadvocates.com\/denver-uneven-defective-sidewalks-lawyer\/"]}]},{"@type":"ImageObject","inLanguage":"es","@id":"https:\/\/varnerinjuryadvocates.com\/denver-uneven-defective-sidewalks-lawyer\/#primaryimage","url":"https:\/\/varnerinjuryadvocates.com\/wp-content\/uploads\/2018\/10\/NTL-top-40-member-logo-300x144.png","contentUrl":"https:\/\/varnerinjuryadvocates.com\/wp-content\/uploads\/2018\/10\/NTL-top-40-member-logo-300x144.png"},{"@type":"BreadcrumbList","@id":"https:\/\/varnerinjuryadvocates.com\/denver-uneven-defective-sidewalks-lawyer\/#breadcrumb","itemListElement":[{"@type":"ListItem","position":1,"name":"Home","item":"https:\/\/varnerinjuryadvocates.com\/"},{"@type":"ListItem","position":2,"name":"Denver Uneven\/Defective Sidewalk Injury Lawyers"}]},{"@type":"WebSite","@id":"https:\/\/varnerinjuryadvocates.com\/#website","url":"https:\/\/varnerinjuryadvocates.com\/","name":"Varner Elite Legal","description":"Un nuevo tipo de bufete de abogados especializados en lesiones personales","publisher":{"@id":"https:\/\/varnerinjuryadvocates.com\/#organization"},"potentialAction":[{"@type":"SearchAction","target":{"@type":"EntryPoint","urlTemplate":"https:\/\/varnerinjuryadvocates.com\/?s={search_term_string}"},"query-input":{"@type":"PropertyValueSpecification","valueRequired":true,"valueName":"search_term_string"}}],"inLanguage":"es"},{"@type":"Organization","@id":"https:\/\/varnerinjuryadvocates.com\/#organization","name":"Varner Faddis Elite Legal, PLLC","url":"https:\/\/varnerinjuryadvocates.com\/","logo":{"@type":"ImageObject","inLanguage":"es","@id":"https:\/\/varnerinjuryadvocates.com\/#\/schema\/logo\/image\/","url":"https:\/\/varnerinjuryadvocates.com\/wp-content\/uploads\/2020\/09\/VarnerFaddis-MainLogo-Black-Web.jpg","contentUrl":"https:\/\/varnerinjuryadvocates.com\/wp-content\/uploads\/2020\/09\/VarnerFaddis-MainLogo-Black-Web.jpg","width":2000,"height":1456,"caption":"Varner Faddis Elite Legal, PLLC"},"image":{"@id":"https:\/\/varnerinjuryadvocates.com\/#\/schema\/logo\/image\/"},"sameAs":["https:\/\/www.facebook.com\/VFELcolorado\/","https:\/\/www.instagram.com\/varnerfaddis\/"]}]}},"_links":{"self":[{"href":"https:\/\/varnerinjuryadvocates.com\/es\/wp-json\/wp\/v2\/pages\/1167","targetHints":{"allow":["GET"]}}],"collection":[{"href":"https:\/\/varnerinjuryadvocates.com\/es\/wp-json\/wp\/v2\/pages"}],"about":[{"href":"https:\/\/varnerinjuryadvocates.com\/es\/wp-json\/wp\/v2\/types\/page"}],"author":[{"embeddable":true,"href":"https:\/\/varnerinjuryadvocates.com\/es\/wp-json\/wp\/v2\/users\/15"}],"replies":[{"embeddable":true,"href":"https:\/\/varnerinjuryadvocates.com\/es\/wp-json\/wp\/v2\/comments?post=1167"}],"version-history":[{"count":0,"href":"https:\/\/varnerinjuryadvocates.com\/es\/wp-json\/wp\/v2\/pages\/1167\/revisions"}],"wp:attachment":[{"href":"https:\/\/varnerinjuryadvocates.com\/es\/wp-json\/wp\/v2\/media?parent=1167"}],"curies":[{"name":"wp","href":"https:\/\/api.w.org\/{rel}","templated":true}]}}