{"id":1169,"date":"2018-11-18T03:49:29","date_gmt":"2018-11-18T03:49:29","guid":{"rendered":"http:\/\/varnerfel.1p21.io\/?page_id=1169"},"modified":"2024-08-29T09:52:13","modified_gmt":"2024-08-29T16:52:13","slug":"denver-abogado-de-escaleras-defectuosas","status":"publish","type":"page","link":"https:\/\/varnerinjuryadvocates.com\/es\/denver-abogado-de-escaleras-defectuosas\/","title":{"rendered":"Abogados de Escaleras Defectuosas en Denver"},"content":{"rendered":"<h1>Abogado de Accidente de Resbal\u00f3n y Ca\u00edda en Denver, CO<\/h1>\n<p>Caerse por una escalera defectuosa puede provocar lesiones personales graves y permanentes. Si usted o un ser querido sufrieron este tipo de accidente, considere la posibilidad de ejercer su derecho a presentar una demanda contra el propietario responsable. El mantenimiento de las escaleras forma parte de las obligaciones legales de todo propietario antes de permitir la entrada de visitantes e invitados a la propiedad. Usted puede tener derecho a una indemnizaci\u00f3n.\u00a0<a href=\"\/es\/\">Varner Injury Advocates, <\/a>LLC para una revisi\u00f3n gratuita de su caso con nuestros abogados de escaleras defectuosas en Denver, Colorado.<\/p>\n<h2>Por qu\u00e9 elegirnos como su abogado<\/h2>\n<p><img loading=\"lazy\" decoding=\"async\" class=\"size-full wp-image-1115 alignright\" src=\"https:\/\/varnerinjuryadvocates.com\/wp-content\/uploads\/2018\/10\/NTL-top-40-40-member.png\" alt=\"NTL\" width=\"150\" height=\"150\" \/>Varner Injury Advocates, LLC es un tipo especial de firma de lesiones personales. Logramos resultados positivos en los casos al brindar atenci\u00f3n personal exclusiva a cada cliente que atendemos. Nuestros abogados siempre se centran en el cliente. Somos innovadores, invertimos en el cliente y somos comunicativos. Nuestros principios incluyen honestidad, integridad, y nuestro est\u00e1ndar de excelencia. Cuando se trata de la ley de responsabilidad de las premisas y demandas por escaleras defectuosas, nuestro equipo legal experto puede ayudarle a obtener el resultado que se merece en Denver y sus alrededores.<\/p>\n<h2>\u00bfPor qu\u00e9 necesita un abogado?<\/h2>\n<p>Necesita un <a href=\"\/es\/abogado-de-responsabilidad-de-locales-en-denver\/\">abogado de responsabilidad civil<\/a> para su reclamaci\u00f3n por escaleras defectuosas porque estos casos no son f\u00e1ciles de ganar. De hecho, la mayor\u00eda de las empresas de lesiones personales rechazar\u00e1n estos casos debido a problemas de responsabilidad percibida. Las acusaciones falsas y las reclamaciones de seguros fraudulentas han hecho que los casos de accidentes por resbalones y ca\u00eddas y tropiezos y ca\u00eddas sean notoriamente dif\u00edciles de resolver. Contratar a un abogado puede aumentar en gran medida sus probabilidades de \u00e9xito. Su abogado puede ocuparse de los tr\u00e1mites burocr\u00e1ticos relacionados con su reclamaci\u00f3n, asegur\u00e1ndose de que cumple todos los plazos y requisitos, mientras usted se concentra en curarse.<\/p>\n<h2>Lesiones por escaleras defectuosas<\/h2>\n<p>Las escaleras defectuosas son un riesgo extremadamente peligroso para la propiedad. Una escalera insegura puede provocar una ca\u00edda por varios tramos de escaleras, causando graves lesiones en el proceso. Algunos accidentes de escaleras son permanentemente incapacitantes o fatales para las v\u00edctimas. Es importante contratar a un abogado si usted sufri\u00f3 lesiones catastr\u00f3ficas en un accidente de escalera en Denver. Las lesiones graves exigen una representaci\u00f3n legal seria. P\u00f3ngase en contacto con un abogado si sufri\u00f3 alguna de las siguientes lesiones:<\/p>\n<ul>\n<li>Fracturas \u00f3seas<\/li>\n<li>Magulladuras y contusiones<\/li>\n<li>Atr\u00e1s y <a href=\"\/es\/abogado-de-lesiones-medulares-en-denver\/\">lesiones medulares<\/a><\/li>\n<li>Lesiones en la cabeza<\/li>\n<li>Traum\u00e1tico <a href=\"\/es\/areas-de-practica\/brain-injuries\/\">lesiones cerebrales<\/a><\/li>\n<li>Muerte por negligencia<\/li>\n<\/ul>\n<p>Usted puede tener motivos para una demanda de responsabilidad de las premisas para un accidente de escalera defectuosa, no importa qu\u00e9 tipo de lesiones o da\u00f1os que sufri\u00f3. P\u00f3ngase en contacto con nuestro bufete para hablar de sus lesiones. Una demanda por lesiones personales exitosa podr\u00eda resultar en el pago de sus facturas m\u00e9dicas, dolor y sufrimiento, salarios perdidos y otros da\u00f1os. La habilidad de su abogado puede influir en gran medida la recuperaci\u00f3n financiera en su caso.<\/p>\n<h2>Determinaci\u00f3n de la responsabilidad<\/h2>\n<p>Un accidente de escalera defectuosa no es un accidente en absoluto - es un riesgo previsible cuando un propietario elude las tareas de mantenimiento. Es responsabilidad legal del propietario evaluar las escaleras, barandillas y pasamanos en busca de defectos, como barandillas sueltas o pelda\u00f1os desiguales. Si el propietario encuentra un defecto, debe repararlo en un plazo razonable. No hacerlo y provocar una ca\u00edda evitable constituye negligencia.<\/p>\n<p>Aunque los propietarios tienen diferentes deberes de cuidado con los distintos visitantes, una escalera insegura que cause una lesi\u00f3n casi siempre dar\u00e1 pie a presentar una demanda contra el propietario responsable. Otra parte potencialmente responsable podr\u00eda ser el fabricante de un producto. Si la escalera o barandilla ten\u00eda un defecto que se remonta a la empresa fabricante o distribuidor, usted puede tener una reclamaci\u00f3n de responsabilidad por productos defectuosos. P\u00f3ngase en contacto con nuestro bufete para obtener m\u00e1s informaci\u00f3n.<\/p>\n<h2>P\u00f3ngase en contacto con nuestro bufete de abogados de Denver hoy<\/h2>\n<div id=\"attachment_1086\" style=\"width: 265px\" class=\"wp-caption alignright\"><img loading=\"lazy\" decoding=\"async\" aria-describedby=\"caption-attachment-1086\" class=\"wp-image-1086 size-medium\" src=\"https:\/\/varnerinjuryadvocates.com\/wp-content\/uploads\/2018\/10\/att_lauren-255x300.jpg\" alt=\"Lauren Varner Denver Abogado de Lesiones Personales\" width=\"255\" height=\"300\" srcset=\"https:\/\/varnerinjuryadvocates.com\/wp-content\/uploads\/2018\/10\/att_lauren-255x300.jpg 255w, https:\/\/varnerinjuryadvocates.com\/wp-content\/uploads\/2018\/10\/att_lauren.jpg 620w\" sizes=\"auto, (max-width: 255px) 100vw, 255px\" \/><p id=\"caption-attachment-1086\" class=\"wp-caption-text\">Abogado de Escaleras Defectuosas en Denver, <a href=\"\/es\/nuestro-equipo\/lauren-varner\/\">Lauren Varner<\/a><\/p><\/div>\n<p>Si usted o un ser querido sufrieron lesiones graves debido a una escalera defectuosa, los abogados de Varner Injury Advocates, LLC pueden ayudarle. Adoptamos un enfoque centrado en el cliente para <a href=\"\/es\/\">da\u00f1os personales<\/a>. No le mantendremos en la oscuridad, damos prioridad a la comunicaci\u00f3n, y siempre damos a los clientes expectativas realistas para los resultados de su caso. Nos esforzamos por crear relaciones abiertas y honestas con nuestros clientes. Programe hoy mismo su revisi\u00f3n gratuita de su caso de responsabilidad de las premisas. <a href=\"\/es\/contacto\/\">Contacte con nosotros<\/a>\u00a0o llame al <a href=\"tel:+1720-710-9073\">720-710-9073<\/a>.<\/p>\n<h3>Oficina<\/h3>\n<p>Calle Quebec Sur 6025<br \/>\nSuite 100<br \/>\nCentennial, CO 80111<br \/>\nTel\u00e9fono: <a href=\"tel: +1720-710-9073\">720-710-9073<\/a><\/p>\n<p><iframe loading=\"lazy\" style=\"border: 0;\" src=\"https:\/\/www.google.com\/maps\/embed?pb=!1m18!1m12!1m3!1d3073.887741927799!2d-104.9054209!3d39.6072112!2m3!1f0!2f0!3f0!3m2!1i1024!2i768!4f13.1!3m3!1m2!1s0x876c8692c9baaaab%3A0x1b81577a3860788c!2sVarner%20Faddis%20Elite%20Legal!5e0!3m2!1sen!2sus!4v1653688590810!5m2!1sen!2sus\" width=\"600\" height=\"450\" allowfullscreen=\"allowfullscreen\" data-mce-fragment=\"1\"><\/iframe><\/p>","protected":false},"excerpt":{"rendered":"<p>Abogado de Accidentes de Resbalones y Ca\u00eddas en Denver, CO Caerse por una escalera defectuosa podr\u00eda resultar en lesiones personales graves y permanentes. Si usted o un ser querido sufrieron este tipo de accidente, considere ejercer su derecho a entablar una demanda contra un propietario responsable. El mantenimiento de las escaleras es parte de las obligaciones de todo propietario.<\/p>","protected":false},"author":15,"featured_media":0,"parent":0,"menu_order":0,"comment_status":"closed","ping_status":"closed","template":"","meta":{"_acf_changed":false,"footnotes":""},"class_list":["post-1169","page","type-page","status-publish","hentry"],"acf":[],"yoast_head":"<!-- This site is optimized with the Yoast SEO Premium plugin v21.4 (Yoast SEO v25.7) - https:\/\/yoast.com\/wordpress\/plugins\/seo\/ -->\n<title>Slip &amp; Fall Accident Attorney | Denver Lawyer | Varner Faddis Elite Legal<\/title>\n<meta name=\"description\" content=\"Were you injured by a defective staircase in Denver, CO? Varner Faddis fights for compensation. We hold property owners accountable. Free consultation.\" \/>\n<meta name=\"robots\" content=\"index, follow, max-snippet:-1, max-image-preview:large, max-video-preview:-1\" \/>\n<link rel=\"canonical\" href=\"https:\/\/varnerinjuryadvocates.com\/es\/denver-abogado-de-escaleras-defectuosas\/\" \/>\n<meta property=\"og:locale\" content=\"es_MX\" \/>\n<meta property=\"og:type\" content=\"article\" \/>\n<meta property=\"og:title\" content=\"Denver Defective Staircases Lawyers\" \/>\n<meta property=\"og:description\" content=\"Were you injured by a defective staircase in Denver, CO? Varner Faddis fights for compensation. We hold property owners accountable. Free consultation.\" \/>\n<meta property=\"og:url\" content=\"https:\/\/varnerinjuryadvocates.com\/es\/denver-abogado-de-escaleras-defectuosas\/\" \/>\n<meta property=\"og:site_name\" content=\"Varner Elite Legal\" \/>\n<meta property=\"article:publisher\" content=\"https:\/\/www.facebook.com\/VFELcolorado\/\" \/>\n<meta property=\"article:modified_time\" content=\"2024-08-29T16:52:13+00:00\" \/>\n<meta property=\"og:image\" content=\"https:\/\/varnerinjuryadvocates.com\/wp-content\/uploads\/2018\/10\/NTL-top-40-40-member.png\" \/>\n<meta name=\"twitter:card\" content=\"summary_large_image\" \/>\n<meta name=\"twitter:label1\" content=\"Tiempo de lectura\" \/>\n\t<meta name=\"twitter:data1\" content=\"4 minutos\" \/>\n<script type=\"application\/ld+json\" class=\"yoast-schema-graph\">{\"@context\":\"https:\/\/schema.org\",\"@graph\":[{\"@type\":\"WebPage\",\"@id\":\"https:\/\/varnerinjuryadvocates.com\/denver-defective-staircases-lawyer\/\",\"url\":\"https:\/\/varnerinjuryadvocates.com\/denver-defective-staircases-lawyer\/\",\"name\":\"Slip & Fall Accident Attorney | Denver Lawyer | Varner Faddis Elite Legal\",\"isPartOf\":{\"@id\":\"https:\/\/varnerinjuryadvocates.com\/#website\"},\"primaryImageOfPage\":{\"@id\":\"https:\/\/varnerinjuryadvocates.com\/denver-defective-staircases-lawyer\/#primaryimage\"},\"image\":{\"@id\":\"https:\/\/varnerinjuryadvocates.com\/denver-defective-staircases-lawyer\/#primaryimage\"},\"thumbnailUrl\":\"https:\/\/varnerinjuryadvocates.com\/wp-content\/uploads\/2018\/10\/NTL-top-40-40-member.png\",\"datePublished\":\"2018-11-18T03:49:29+00:00\",\"dateModified\":\"2024-08-29T16:52:13+00:00\",\"description\":\"Were you injured by a defective staircase in Denver, CO? Varner Faddis fights for compensation. We hold property owners accountable. Free consultation.\",\"breadcrumb\":{\"@id\":\"https:\/\/varnerinjuryadvocates.com\/denver-defective-staircases-lawyer\/#breadcrumb\"},\"inLanguage\":\"es\",\"potentialAction\":[{\"@type\":\"ReadAction\",\"target\":[\"https:\/\/varnerinjuryadvocates.com\/denver-defective-staircases-lawyer\/\"]}]},{\"@type\":\"ImageObject\",\"inLanguage\":\"es\",\"@id\":\"https:\/\/varnerinjuryadvocates.com\/denver-defective-staircases-lawyer\/#primaryimage\",\"url\":\"https:\/\/varnerinjuryadvocates.com\/wp-content\/uploads\/2018\/10\/NTL-top-40-40-member.png\",\"contentUrl\":\"https:\/\/varnerinjuryadvocates.com\/wp-content\/uploads\/2018\/10\/NTL-top-40-40-member.png\"},{\"@type\":\"BreadcrumbList\",\"@id\":\"https:\/\/varnerinjuryadvocates.com\/denver-defective-staircases-lawyer\/#breadcrumb\",\"itemListElement\":[{\"@type\":\"ListItem\",\"position\":1,\"name\":\"Home\",\"item\":\"https:\/\/varnerinjuryadvocates.com\/\"},{\"@type\":\"ListItem\",\"position\":2,\"name\":\"Denver Defective Staircases Lawyers\"}]},{\"@type\":\"WebSite\",\"@id\":\"https:\/\/varnerinjuryadvocates.com\/#website\",\"url\":\"https:\/\/varnerinjuryadvocates.com\/\",\"name\":\"Varner Elite Legal\",\"description\":\"A New Kind Of Personal Injury Law Firm\",\"publisher\":{\"@id\":\"https:\/\/varnerinjuryadvocates.com\/#organization\"},\"potentialAction\":[{\"@type\":\"SearchAction\",\"target\":{\"@type\":\"EntryPoint\",\"urlTemplate\":\"https:\/\/varnerinjuryadvocates.com\/?s={search_term_string}\"},\"query-input\":{\"@type\":\"PropertyValueSpecification\",\"valueRequired\":true,\"valueName\":\"search_term_string\"}}],\"inLanguage\":\"es\"},{\"@type\":\"Organization\",\"@id\":\"https:\/\/varnerinjuryadvocates.com\/#organization\",\"name\":\"Varner Faddis Elite Legal, PLLC\",\"url\":\"https:\/\/varnerinjuryadvocates.com\/\",\"logo\":{\"@type\":\"ImageObject\",\"inLanguage\":\"es\",\"@id\":\"https:\/\/varnerinjuryadvocates.com\/#\/schema\/logo\/image\/\",\"url\":\"https:\/\/varnerinjuryadvocates.com\/wp-content\/uploads\/2020\/09\/VarnerFaddis-MainLogo-Black-Web.jpg\",\"contentUrl\":\"https:\/\/varnerinjuryadvocates.com\/wp-content\/uploads\/2020\/09\/VarnerFaddis-MainLogo-Black-Web.jpg\",\"width\":2000,\"height\":1456,\"caption\":\"Varner Faddis Elite Legal, PLLC\"},\"image\":{\"@id\":\"https:\/\/varnerinjuryadvocates.com\/#\/schema\/logo\/image\/\"},\"sameAs\":[\"https:\/\/www.facebook.com\/VFELcolorado\/\",\"https:\/\/www.instagram.com\/varnerfaddis\/\"]}]}<\/script>\n<!-- \/ Yoast SEO Premium plugin. -->","yoast_head_json":{"title":"Abogado de Accidente de Resbal\u00f3n y Ca\u00edda | Abogado de Denver | Varner Faddis Elite Legal","description":"\u00bfFue lesionado por una escalera defectuosa en Denver, CO? Varner Faddis lucha por compensaci\u00f3n. Hacemos responsables a los propietarios. Consulta gratis.","robots":{"index":"index","follow":"follow","max-snippet":"max-snippet:-1","max-image-preview":"max-image-preview:large","max-video-preview":"max-video-preview:-1"},"canonical":"https:\/\/varnerinjuryadvocates.com\/es\/denver-abogado-de-escaleras-defectuosas\/","og_locale":"es_MX","og_type":"article","og_title":"Denver Defective Staircases Lawyers","og_description":"Were you injured by a defective staircase in Denver, CO? Varner Faddis fights for compensation. We hold property owners accountable. Free consultation.","og_url":"https:\/\/varnerinjuryadvocates.com\/es\/denver-abogado-de-escaleras-defectuosas\/","og_site_name":"Varner Elite Legal","article_publisher":"https:\/\/www.facebook.com\/VFELcolorado\/","article_modified_time":"2024-08-29T16:52:13+00:00","og_image":[{"url":"https:\/\/varnerinjuryadvocates.com\/wp-content\/uploads\/2018\/10\/NTL-top-40-40-member.png","type":"","width":"","height":""}],"twitter_card":"summary_large_image","twitter_misc":{"Tiempo de lectura":"4 minutos"},"schema":{"@context":"https:\/\/schema.org","@graph":[{"@type":"WebPage","@id":"https:\/\/varnerinjuryadvocates.com\/denver-defective-staircases-lawyer\/","url":"https:\/\/varnerinjuryadvocates.com\/denver-defective-staircases-lawyer\/","name":"Abogado de Accidente de Resbal\u00f3n y Ca\u00edda | Abogado de Denver | Varner Faddis Elite Legal","isPartOf":{"@id":"https:\/\/varnerinjuryadvocates.com\/#website"},"primaryImageOfPage":{"@id":"https:\/\/varnerinjuryadvocates.com\/denver-defective-staircases-lawyer\/#primaryimage"},"image":{"@id":"https:\/\/varnerinjuryadvocates.com\/denver-defective-staircases-lawyer\/#primaryimage"},"thumbnailUrl":"https:\/\/varnerinjuryadvocates.com\/wp-content\/uploads\/2018\/10\/NTL-top-40-40-member.png","datePublished":"2018-11-18T03:49:29+00:00","dateModified":"2024-08-29T16:52:13+00:00","description":"\u00bfFue lesionado por una escalera defectuosa en Denver, CO? Varner Faddis lucha por compensaci\u00f3n. Hacemos responsables a los propietarios. Consulta gratis.","breadcrumb":{"@id":"https:\/\/varnerinjuryadvocates.com\/denver-defective-staircases-lawyer\/#breadcrumb"},"inLanguage":"es","potentialAction":[{"@type":"ReadAction","target":["https:\/\/varnerinjuryadvocates.com\/denver-defective-staircases-lawyer\/"]}]},{"@type":"ImageObject","inLanguage":"es","@id":"https:\/\/varnerinjuryadvocates.com\/denver-defective-staircases-lawyer\/#primaryimage","url":"https:\/\/varnerinjuryadvocates.com\/wp-content\/uploads\/2018\/10\/NTL-top-40-40-member.png","contentUrl":"https:\/\/varnerinjuryadvocates.com\/wp-content\/uploads\/2018\/10\/NTL-top-40-40-member.png"},{"@type":"BreadcrumbList","@id":"https:\/\/varnerinjuryadvocates.com\/denver-defective-staircases-lawyer\/#breadcrumb","itemListElement":[{"@type":"ListItem","position":1,"name":"Home","item":"https:\/\/varnerinjuryadvocates.com\/"},{"@type":"ListItem","position":2,"name":"Denver Defective Staircases Lawyers"}]},{"@type":"WebSite","@id":"https:\/\/varnerinjuryadvocates.com\/#website","url":"https:\/\/varnerinjuryadvocates.com\/","name":"Varner Elite Legal","description":"Un nuevo tipo de bufete de abogados especializados en lesiones personales","publisher":{"@id":"https:\/\/varnerinjuryadvocates.com\/#organization"},"potentialAction":[{"@type":"SearchAction","target":{"@type":"EntryPoint","urlTemplate":"https:\/\/varnerinjuryadvocates.com\/?s={search_term_string}"},"query-input":{"@type":"PropertyValueSpecification","valueRequired":true,"valueName":"search_term_string"}}],"inLanguage":"es"},{"@type":"Organization","@id":"https:\/\/varnerinjuryadvocates.com\/#organization","name":"Varner Faddis Elite Legal, PLLC","url":"https:\/\/varnerinjuryadvocates.com\/","logo":{"@type":"ImageObject","inLanguage":"es","@id":"https:\/\/varnerinjuryadvocates.com\/#\/schema\/logo\/image\/","url":"https:\/\/varnerinjuryadvocates.com\/wp-content\/uploads\/2020\/09\/VarnerFaddis-MainLogo-Black-Web.jpg","contentUrl":"https:\/\/varnerinjuryadvocates.com\/wp-content\/uploads\/2020\/09\/VarnerFaddis-MainLogo-Black-Web.jpg","width":2000,"height":1456,"caption":"Varner Faddis Elite Legal, PLLC"},"image":{"@id":"https:\/\/varnerinjuryadvocates.com\/#\/schema\/logo\/image\/"},"sameAs":["https:\/\/www.facebook.com\/VFELcolorado\/","https:\/\/www.instagram.com\/varnerfaddis\/"]}]}},"_links":{"self":[{"href":"https:\/\/varnerinjuryadvocates.com\/es\/wp-json\/wp\/v2\/pages\/1169","targetHints":{"allow":["GET"]}}],"collection":[{"href":"https:\/\/varnerinjuryadvocates.com\/es\/wp-json\/wp\/v2\/pages"}],"about":[{"href":"https:\/\/varnerinjuryadvocates.com\/es\/wp-json\/wp\/v2\/types\/page"}],"author":[{"embeddable":true,"href":"https:\/\/varnerinjuryadvocates.com\/es\/wp-json\/wp\/v2\/users\/15"}],"replies":[{"embeddable":true,"href":"https:\/\/varnerinjuryadvocates.com\/es\/wp-json\/wp\/v2\/comments?post=1169"}],"version-history":[{"count":0,"href":"https:\/\/varnerinjuryadvocates.com\/es\/wp-json\/wp\/v2\/pages\/1169\/revisions"}],"wp:attachment":[{"href":"https:\/\/varnerinjuryadvocates.com\/es\/wp-json\/wp\/v2\/media?parent=1169"}],"curies":[{"name":"wp","href":"https:\/\/api.w.org\/{rel}","templated":true}]}}