{"id":1201,"date":"2018-11-18T05:47:56","date_gmt":"2018-11-18T05:47:56","guid":{"rendered":"http:\/\/varnerfel.1p21.io\/?page_id=1201"},"modified":"2026-01-31T08:48:53","modified_gmt":"2026-01-31T15:48:53","slug":"denver-motorista-sin-seguro-con-seguro-insuficiente-abogado","status":"publish","type":"page","link":"https:\/\/varnerinjuryadvocates.com\/es\/denver-motorista-sin-seguro-con-seguro-insuficiente-abogado\/","title":{"rendered":"Denver sin seguro \/ con seguro insuficiente Motorista Abogados"},"content":{"rendered":"<h1><span data-sheets-root=\"1\" data-sheets-value=\"{&quot;1&quot;:2,&quot;2&quot;:&quot;Uninsured Motorist Lawyer in Denver, CO&quot;}\" data-sheets-userformat=\"{&quot;2&quot;:33567681,&quot;3&quot;:{&quot;1&quot;:0},&quot;9&quot;:0,&quot;10&quot;:1,&quot;11&quot;:3,&quot;12&quot;:0,&quot;15&quot;:&quot;Montserrat&quot;,&quot;16&quot;:11,&quot;28&quot;:1}\">Abogado de motorista sin seguro en Denver, CO<\/span><\/h1>\n<p>Sufrir un accidente de coche ya es bastante malo; descubrir que el conductor que te ha atropellado no tiene seguro de coche es a\u00fan peor. Sin seguro de coche, es posible que no sepa qui\u00e9n pagar\u00e1 sus facturas m\u00e9dicas y las reparaciones del veh\u00edculo. Afortunadamente, las leyes de seguro de Colorado tienen provisiones en el lugar para accidentes con automovilistas no asegurados y subasegurados. Nuestro <a href=\"\/es\/denver-abogado-de-accidente-de-coche\/\">Denver abogados de accidentes de coche<\/a> puede guiarle a trav\u00e9s del proceso legal y asegurarse de que obtiene la m\u00e1xima indemnizaci\u00f3n por sus da\u00f1os.<\/p>\n<h2>Por qu\u00e9 elegirnos como su abogado<\/h2>\n<p><img loading=\"lazy\" decoding=\"async\" class=\"size-medium wp-image-1116 alignright\" src=\"https:\/\/varnerinjuryadvocates.com\/wp-content\/uploads\/2018\/10\/NTL-top-40-member-logo-300x144.png\" alt=\"National Trial Lawyers Top 40 Under 40\" width=\"300\" height=\"144\" \/>Los abogados de <a href=\"\/es\/\">Varner Injury Advocates, LLC<\/a> tienen a\u00f1os de experiencia en el manejo de complejas reclamaciones de accidentes automovil\u00edsticos en todo Denver, CO. Sabemos exactamente c\u00f3mo manejar los casos en los que el conductor culpable no tiene seguro adecuado. Vamos a escuchar a los detalles de su caso y llegar a una soluci\u00f3n innovadora que sea adecuado para su situaci\u00f3n. Cuando usted nos escoge como su abogado, usted se beneficia de servicios legales compasivos, impulsados, y orientados al cliente.<\/p>\n<h2>\u00bfPor qu\u00e9 necesita un abogado?<\/h2>\n<p>Una vez que descubra que el conductor que caus\u00f3 su accidente no tiene seguro - o no tiene suficiente para cubrir totalmente sus da\u00f1os - se enfrenta a una demanda por accidente de coche potencialmente compleja que implica a m\u00faltiples partes. Sin una representaci\u00f3n legal adecuada, una compa\u00f1\u00eda de seguros puede aprovecharse de usted y ofrecerle mucho menos de lo que valen sus lesiones. Si ha sufrido lesiones graves o ha perdido a un ser querido en el accidente, debe buscar asesoramiento legal inmediatamente. De lo contrario, las probabilidades de que se conforme con mucho menos de lo que podr\u00eda haber conseguido con la ayuda de un abogado son altas.<\/p>\n<h2>Motorista sin seguro \/ con seguro insuficiente Leyes en Colorado<\/h2>\n<p>Colorado ha sido un estado de seguro de \"culpa\" desde 2003. Esto significa que todos los conductores deben buscar cobertura de la compa\u00f1\u00eda de seguros de la parte culpable despu\u00e9s de una colisi\u00f3n. Como en todos los estados, es obligatorio tener al menos la cantidad m\u00ednima de seguro de autom\u00f3vil para conducir un veh\u00edculo en Colorado. De esta manera, todos los conductores pueden pagar los da\u00f1os de otros conductores si causan accidentes. Conducir sin el seguro requerido es contra la ley y puede resultar en cuatro puntos en la licencia de conducir, una multa de hasta $1000, y la suspensi\u00f3n de la licencia.<\/p>\n<p>Los l\u00edmites m\u00ednimos de responsabilidad civil del seguro en Colorado son $25.000 por persona por lesiones corporales, $50.000 por accidente por lesiones corporales y $15.000 por accidente por da\u00f1os materiales. Todas las dem\u00e1s formas de seguro de autom\u00f3vil, incluido el seguro sin seguro o con seguro insuficiente (UM\/UIM), son opcionales. El seguro de automovilista sin seguro o con seguro insuficiente ayuda a cubrir los gastos de la v\u00edctima de un accidente tras una colisi\u00f3n con un conductor que no tiene cobertura de seguro adecuada. Es un tipo de cobertura adicional y opcional que usted puede pagar si lo desea. Muchos conductores de Colorado tienen una provisi\u00f3n UM\/UIM en su p\u00f3liza sin saberlo.<\/p>\n<h2>Qu\u00e9 hacer en caso de reclamaci\u00f3n por accidente de autom\u00f3vil sin seguro o con seguro insuficiente<\/h2>\n<p>Tras un accidente con un conductor que no tiene seguro suficiente, llama a tu compa\u00f1\u00eda de seguros y pregunta si tu p\u00f3liza incluye un seguro de motorista sin seguro o con seguro insuficiente. Si es as\u00ed, esta parte de su p\u00f3liza puede cubrir la diferencia entre lo que la compa\u00f1\u00eda de seguros del otro conductor puede pagar y el coste de sus da\u00f1os. Consiga que un abogado presente una reclamaci\u00f3n a su propia aseguradora de autom\u00f3viles solicitando la diferencia de cantidades. De acuerdo con el C\u00f3digo de Regulaciones del Estado de Colorado, su compa\u00f1\u00eda de seguros tiene generalmente prohibido aumentar sus primas por presentar una reclamaci\u00f3n UM\/UIM. Estos son beneficios por los cuales usted ya ha estado pagando, y la compa\u00f1\u00eda de seguros no puede castigarlo por utilizar esos beneficios.<\/p>\n<p>La presentaci\u00f3n de una demanda por lesiones personales contra el otro conductor puede no dar lugar a una indemnizaci\u00f3n suficiente, ya que alguien que conduce sin seguro probablemente no disponga de fondos para pagar un acuerdo o una sentencia. Sin embargo, la presentaci\u00f3n de una demanda contra la ciudad por una carretera insegura, una empresa por contratar al conductor, o un fabricante de piezas de autom\u00f3viles por contribuir a la colisi\u00f3n podr\u00eda dar lugar a una indemnizaci\u00f3n adecuada. Trabajar con nuestros abogados puede ayudarle a buscar la recuperaci\u00f3n a trav\u00e9s de todas las salidas disponibles.<\/p>\n<h2>P\u00f3ngase en contacto con nosotros<\/h2>\n<p>Si usted ha estado en un accidente de coche en Denver y el conductor culpable no tiene suficiente seguro - o cualquier cobertura de seguro en absoluto -. <a href=\"\/es\/contacto\/\">Contacto<\/a>. Ofrecemos consultas gratuitas para que las v\u00edctimas de accidentes puedan revisar sus derechos y opciones sin ninguna obligaci\u00f3n.<\/p>\n<h3>Oficina<\/h3>\n<p>Calle Quebec Sur 6025<br \/>\nSuite 100<br \/>\nCentennial, CO 80111<br \/>\nTel\u00e9fono: <a href=\"tel: +1720-710-9073\">720-710-9073<\/a><\/p>\n<p><iframe loading=\"lazy\" style=\"border: 0;\" src=\"https:\/\/www.google.com\/maps\/embed?pb=!1m18!1m12!1m3!1d3073.887741927799!2d-104.9054209!3d39.6072112!2m3!1f0!2f0!3f0!3m2!1i1024!2i768!4f13.1!3m3!1m2!1s0x876c8692c9baaaab%3A0x1b81577a3860788c!2sVarner%20Faddis%20Elite%20Legal!5e0!3m2!1sen!2sus!4v1653688590810!5m2!1sen!2sus\" width=\"600\" height=\"450\" allowfullscreen=\"allowfullscreen\" data-mce-fragment=\"1\"><\/iframe><\/p>","protected":false},"excerpt":{"rendered":"<p>Abogado de Automovilista sin Seguro en Denver, CO Meterse en un accidente de coche ya es bastante malo; descubrir que el conductor que le golpe\u00f3 no tiene seguro de coche es a\u00fan peor. Sin el seguro de coche, usted no podr\u00eda saber qui\u00e9n pagar\u00e1 por sus cuentas m\u00e9dicas y reparaciones de veh\u00edculo. Afortunadamente, las leyes de seguro de Colorado tienen provisiones en<\/p>","protected":false},"author":15,"featured_media":0,"parent":0,"menu_order":0,"comment_status":"closed","ping_status":"closed","template":"","meta":{"_acf_changed":false,"footnotes":""},"class_list":["post-1201","page","type-page","status-publish","hentry"],"acf":[],"yoast_head":"<!-- This site is optimized with the Yoast SEO Premium plugin v21.4 (Yoast SEO v25.7) - https:\/\/yoast.com\/wordpress\/plugins\/seo\/ -->\n<title>Uninsured Motorist Lawyer | Law Firm in Denver | Varner Faddis Elite Legal<\/title>\n<meta name=\"description\" content=\"Hit by an uninsured driver in Denver? Varner Faddis Elite Legal fights for max compensation. Get help with your uninsured\/underinsured motorist claim today!\" \/>\n<meta name=\"robots\" content=\"index, follow, max-snippet:-1, max-image-preview:large, max-video-preview:-1\" \/>\n<link rel=\"canonical\" href=\"https:\/\/varnerinjuryadvocates.com\/es\/denver-motorista-sin-seguro-con-seguro-insuficiente-abogado\/\" \/>\n<meta property=\"og:locale\" content=\"es_MX\" \/>\n<meta property=\"og:type\" content=\"article\" \/>\n<meta property=\"og:title\" content=\"Denver Uninsured\/Underinsured Motorist Lawyers\" \/>\n<meta property=\"og:description\" content=\"Hit by an uninsured driver in Denver? Varner Faddis Elite Legal fights for max compensation. Get help with your uninsured\/underinsured motorist claim today!\" \/>\n<meta property=\"og:url\" content=\"https:\/\/varnerinjuryadvocates.com\/es\/denver-motorista-sin-seguro-con-seguro-insuficiente-abogado\/\" \/>\n<meta property=\"og:site_name\" content=\"Varner Elite Legal\" \/>\n<meta property=\"article:publisher\" content=\"https:\/\/www.facebook.com\/VFELcolorado\/\" \/>\n<meta property=\"article:modified_time\" content=\"2026-01-31T15:48:53+00:00\" \/>\n<meta property=\"og:image\" content=\"https:\/\/varnerinjuryadvocates.com\/wp-content\/uploads\/2018\/10\/NTL-top-40-member-logo.png\" \/>\n\t<meta property=\"og:image:width\" content=\"300\" \/>\n\t<meta property=\"og:image:height\" content=\"144\" \/>\n\t<meta property=\"og:image:type\" content=\"image\/png\" \/>\n<meta name=\"twitter:card\" content=\"summary_large_image\" \/>\n<meta name=\"twitter:label1\" content=\"Tiempo de lectura\" \/>\n\t<meta name=\"twitter:data1\" content=\"4 minutos\" \/>\n<script type=\"application\/ld+json\" class=\"yoast-schema-graph\">{\"@context\":\"https:\/\/schema.org\",\"@graph\":[{\"@type\":\"WebPage\",\"@id\":\"https:\/\/varnerinjuryadvocates.com\/denver-uninsured-underinsured-motorist-lawyer\/\",\"url\":\"https:\/\/varnerinjuryadvocates.com\/denver-uninsured-underinsured-motorist-lawyer\/\",\"name\":\"Uninsured Motorist Lawyer | Law Firm in Denver | Varner Faddis Elite Legal\",\"isPartOf\":{\"@id\":\"https:\/\/varnerinjuryadvocates.com\/#website\"},\"primaryImageOfPage\":{\"@id\":\"https:\/\/varnerinjuryadvocates.com\/denver-uninsured-underinsured-motorist-lawyer\/#primaryimage\"},\"image\":{\"@id\":\"https:\/\/varnerinjuryadvocates.com\/denver-uninsured-underinsured-motorist-lawyer\/#primaryimage\"},\"thumbnailUrl\":\"https:\/\/varnerinjuryadvocates.com\/wp-content\/uploads\/2018\/10\/NTL-top-40-member-logo-300x144.png\",\"datePublished\":\"2018-11-18T05:47:56+00:00\",\"dateModified\":\"2026-01-31T15:48:53+00:00\",\"description\":\"Hit by an uninsured driver in Denver? Varner Faddis Elite Legal fights for max compensation. Get help with your uninsured\/underinsured motorist claim today!\",\"breadcrumb\":{\"@id\":\"https:\/\/varnerinjuryadvocates.com\/denver-uninsured-underinsured-motorist-lawyer\/#breadcrumb\"},\"inLanguage\":\"es\",\"potentialAction\":[{\"@type\":\"ReadAction\",\"target\":[\"https:\/\/varnerinjuryadvocates.com\/denver-uninsured-underinsured-motorist-lawyer\/\"]}]},{\"@type\":\"ImageObject\",\"inLanguage\":\"es\",\"@id\":\"https:\/\/varnerinjuryadvocates.com\/denver-uninsured-underinsured-motorist-lawyer\/#primaryimage\",\"url\":\"https:\/\/varnerinjuryadvocates.com\/wp-content\/uploads\/2018\/10\/NTL-top-40-member-logo-300x144.png\",\"contentUrl\":\"https:\/\/varnerinjuryadvocates.com\/wp-content\/uploads\/2018\/10\/NTL-top-40-member-logo-300x144.png\"},{\"@type\":\"BreadcrumbList\",\"@id\":\"https:\/\/varnerinjuryadvocates.com\/denver-uninsured-underinsured-motorist-lawyer\/#breadcrumb\",\"itemListElement\":[{\"@type\":\"ListItem\",\"position\":1,\"name\":\"Home\",\"item\":\"https:\/\/varnerinjuryadvocates.com\/\"},{\"@type\":\"ListItem\",\"position\":2,\"name\":\"Denver Uninsured\/Underinsured Motorist Lawyers\"}]},{\"@type\":\"WebSite\",\"@id\":\"https:\/\/varnerinjuryadvocates.com\/#website\",\"url\":\"https:\/\/varnerinjuryadvocates.com\/\",\"name\":\"Varner Elite Legal\",\"description\":\"A New Kind Of Personal Injury Law Firm\",\"publisher\":{\"@id\":\"https:\/\/varnerinjuryadvocates.com\/#organization\"},\"potentialAction\":[{\"@type\":\"SearchAction\",\"target\":{\"@type\":\"EntryPoint\",\"urlTemplate\":\"https:\/\/varnerinjuryadvocates.com\/?s={search_term_string}\"},\"query-input\":{\"@type\":\"PropertyValueSpecification\",\"valueRequired\":true,\"valueName\":\"search_term_string\"}}],\"inLanguage\":\"es\"},{\"@type\":\"Organization\",\"@id\":\"https:\/\/varnerinjuryadvocates.com\/#organization\",\"name\":\"Varner Faddis Elite Legal, PLLC\",\"url\":\"https:\/\/varnerinjuryadvocates.com\/\",\"logo\":{\"@type\":\"ImageObject\",\"inLanguage\":\"es\",\"@id\":\"https:\/\/varnerinjuryadvocates.com\/#\/schema\/logo\/image\/\",\"url\":\"https:\/\/varnerinjuryadvocates.com\/wp-content\/uploads\/2020\/09\/VarnerFaddis-MainLogo-Black-Web.jpg\",\"contentUrl\":\"https:\/\/varnerinjuryadvocates.com\/wp-content\/uploads\/2020\/09\/VarnerFaddis-MainLogo-Black-Web.jpg\",\"width\":2000,\"height\":1456,\"caption\":\"Varner Faddis Elite Legal, PLLC\"},\"image\":{\"@id\":\"https:\/\/varnerinjuryadvocates.com\/#\/schema\/logo\/image\/\"},\"sameAs\":[\"https:\/\/www.facebook.com\/VFELcolorado\/\",\"https:\/\/www.instagram.com\/varnerfaddis\/\"]}]}<\/script>\n<!-- \/ Yoast SEO Premium plugin. -->","yoast_head_json":{"title":"Abogado de motorista sin seguro | Bufete de abogados en Denver | Varner Faddis Elite Legal","description":"\u00bfAtropellado por un conductor sin seguro en Denver? Varner Faddis Elite Legal lucha por la compensaci\u00f3n m\u00e1xima. \u00a1Obtenga ayuda con su reclamo de motorista sin seguro \/ con seguro insuficiente hoy!","robots":{"index":"index","follow":"follow","max-snippet":"max-snippet:-1","max-image-preview":"max-image-preview:large","max-video-preview":"max-video-preview:-1"},"canonical":"https:\/\/varnerinjuryadvocates.com\/es\/denver-motorista-sin-seguro-con-seguro-insuficiente-abogado\/","og_locale":"es_MX","og_type":"article","og_title":"Denver Uninsured\/Underinsured Motorist Lawyers","og_description":"Hit by an uninsured driver in Denver? Varner Faddis Elite Legal fights for max compensation. Get help with your uninsured\/underinsured motorist claim today!","og_url":"https:\/\/varnerinjuryadvocates.com\/es\/denver-motorista-sin-seguro-con-seguro-insuficiente-abogado\/","og_site_name":"Varner Elite Legal","article_publisher":"https:\/\/www.facebook.com\/VFELcolorado\/","article_modified_time":"2026-01-31T15:48:53+00:00","og_image":[{"width":300,"height":144,"url":"https:\/\/varnerinjuryadvocates.com\/wp-content\/uploads\/2018\/10\/NTL-top-40-member-logo.png","type":"image\/png"}],"twitter_card":"summary_large_image","twitter_misc":{"Tiempo de lectura":"4 minutos"},"schema":{"@context":"https:\/\/schema.org","@graph":[{"@type":"WebPage","@id":"https:\/\/varnerinjuryadvocates.com\/denver-uninsured-underinsured-motorist-lawyer\/","url":"https:\/\/varnerinjuryadvocates.com\/denver-uninsured-underinsured-motorist-lawyer\/","name":"Abogado de motorista sin seguro | Bufete de abogados en Denver | Varner Faddis Elite Legal","isPartOf":{"@id":"https:\/\/varnerinjuryadvocates.com\/#website"},"primaryImageOfPage":{"@id":"https:\/\/varnerinjuryadvocates.com\/denver-uninsured-underinsured-motorist-lawyer\/#primaryimage"},"image":{"@id":"https:\/\/varnerinjuryadvocates.com\/denver-uninsured-underinsured-motorist-lawyer\/#primaryimage"},"thumbnailUrl":"https:\/\/varnerinjuryadvocates.com\/wp-content\/uploads\/2018\/10\/NTL-top-40-member-logo-300x144.png","datePublished":"2018-11-18T05:47:56+00:00","dateModified":"2026-01-31T15:48:53+00:00","description":"\u00bfAtropellado por un conductor sin seguro en Denver? Varner Faddis Elite Legal lucha por la compensaci\u00f3n m\u00e1xima. \u00a1Obtenga ayuda con su reclamo de motorista sin seguro \/ con seguro insuficiente hoy!","breadcrumb":{"@id":"https:\/\/varnerinjuryadvocates.com\/denver-uninsured-underinsured-motorist-lawyer\/#breadcrumb"},"inLanguage":"es","potentialAction":[{"@type":"ReadAction","target":["https:\/\/varnerinjuryadvocates.com\/denver-uninsured-underinsured-motorist-lawyer\/"]}]},{"@type":"ImageObject","inLanguage":"es","@id":"https:\/\/varnerinjuryadvocates.com\/denver-uninsured-underinsured-motorist-lawyer\/#primaryimage","url":"https:\/\/varnerinjuryadvocates.com\/wp-content\/uploads\/2018\/10\/NTL-top-40-member-logo-300x144.png","contentUrl":"https:\/\/varnerinjuryadvocates.com\/wp-content\/uploads\/2018\/10\/NTL-top-40-member-logo-300x144.png"},{"@type":"BreadcrumbList","@id":"https:\/\/varnerinjuryadvocates.com\/denver-uninsured-underinsured-motorist-lawyer\/#breadcrumb","itemListElement":[{"@type":"ListItem","position":1,"name":"Home","item":"https:\/\/varnerinjuryadvocates.com\/"},{"@type":"ListItem","position":2,"name":"Denver Uninsured\/Underinsured Motorist Lawyers"}]},{"@type":"WebSite","@id":"https:\/\/varnerinjuryadvocates.com\/#website","url":"https:\/\/varnerinjuryadvocates.com\/","name":"Varner Elite Legal","description":"Un nuevo tipo de bufete de abogados especializados en lesiones personales","publisher":{"@id":"https:\/\/varnerinjuryadvocates.com\/#organization"},"potentialAction":[{"@type":"SearchAction","target":{"@type":"EntryPoint","urlTemplate":"https:\/\/varnerinjuryadvocates.com\/?s={search_term_string}"},"query-input":{"@type":"PropertyValueSpecification","valueRequired":true,"valueName":"search_term_string"}}],"inLanguage":"es"},{"@type":"Organization","@id":"https:\/\/varnerinjuryadvocates.com\/#organization","name":"Varner Faddis Elite Legal, PLLC","url":"https:\/\/varnerinjuryadvocates.com\/","logo":{"@type":"ImageObject","inLanguage":"es","@id":"https:\/\/varnerinjuryadvocates.com\/#\/schema\/logo\/image\/","url":"https:\/\/varnerinjuryadvocates.com\/wp-content\/uploads\/2020\/09\/VarnerFaddis-MainLogo-Black-Web.jpg","contentUrl":"https:\/\/varnerinjuryadvocates.com\/wp-content\/uploads\/2020\/09\/VarnerFaddis-MainLogo-Black-Web.jpg","width":2000,"height":1456,"caption":"Varner Faddis Elite Legal, PLLC"},"image":{"@id":"https:\/\/varnerinjuryadvocates.com\/#\/schema\/logo\/image\/"},"sameAs":["https:\/\/www.facebook.com\/VFELcolorado\/","https:\/\/www.instagram.com\/varnerfaddis\/"]}]}},"_links":{"self":[{"href":"https:\/\/varnerinjuryadvocates.com\/es\/wp-json\/wp\/v2\/pages\/1201","targetHints":{"allow":["GET"]}}],"collection":[{"href":"https:\/\/varnerinjuryadvocates.com\/es\/wp-json\/wp\/v2\/pages"}],"about":[{"href":"https:\/\/varnerinjuryadvocates.com\/es\/wp-json\/wp\/v2\/types\/page"}],"author":[{"embeddable":true,"href":"https:\/\/varnerinjuryadvocates.com\/es\/wp-json\/wp\/v2\/users\/15"}],"replies":[{"embeddable":true,"href":"https:\/\/varnerinjuryadvocates.com\/es\/wp-json\/wp\/v2\/comments?post=1201"}],"version-history":[{"count":0,"href":"https:\/\/varnerinjuryadvocates.com\/es\/wp-json\/wp\/v2\/pages\/1201\/revisions"}],"wp:attachment":[{"href":"https:\/\/varnerinjuryadvocates.com\/es\/wp-json\/wp\/v2\/media?parent=1201"}],"curies":[{"name":"wp","href":"https:\/\/api.w.org\/{rel}","templated":true}]}}