{"id":1206,"date":"2018-11-18T06:04:10","date_gmt":"2018-11-18T06:04:10","guid":{"rendered":"http:\/\/varnerfel.1p21.io\/?page_id=1206"},"modified":"2025-07-02T10:03:53","modified_gmt":"2025-07-02T17:03:53","slug":"denver-negligencia-de-seguridad-abogado","status":"publish","type":"page","link":"https:\/\/varnerinjuryadvocates.com\/es\/denver-negligencia-de-seguridad-abogado\/","title":{"rendered":"Denver Negligente Seguridad Abogados"},"content":{"rendered":"<h1>\u00bfLastimado debido a una propiedad insegura? Llame a un abogado de Denver negligencia de seguridad<\/h1>\n<p>La negligencia en la seguridad es una rama de la ley de responsabilidad de las instalaciones que se refiere a incidentes relacionados con actos delictivos en una propiedad privada. Un propietario tiene el deber de garantizar la seguridad de los hu\u00e9spedes, visitantes y residentes de su propiedad, y esto normalmente implica alg\u00fan tipo de seguridad para las instalaciones. Los propietarios deben proporcionar seguridad contra los delitos previsibles, y la mayor\u00eda de los casos de negligencia en la seguridad se refieren a delitos como la violaci\u00f3n, <a href=\"https:\/\/varnerinjuryadvocates.com\/es\/denver-abogado-de-defensa-criminal\/asalto\/\">asalto<\/a>robo y agresi\u00f3n.<\/p>\n<h2>\u00bfPor qu\u00e9 debe contratar a Varner Injury Advocates, LLC para su caso de negligencia de seguridad?<\/h2>\n<p><img loading=\"lazy\" decoding=\"async\" class=\"size-full wp-image-1115 alignright\" src=\"https:\/\/varnerinjuryadvocates.com\/wp-content\/uploads\/2018\/10\/NTL-top-40-40-member.png\" alt=\"NTL\" width=\"150\" height=\"150\" \/>Los abogados de <a href=\"\/es\/\">Varner Injury Advocates, LLC<\/a> tienen amplia experiencia en demandas por negligencia de seguridad y otras acciones civiles en Denver, CO. Nuestros abogados tienen un enfoque emp\u00e1tico a las situaciones de nuestros clientes y se esfuerzan por la profesionalidad, integridad y excelencia en todo lo que hacemos. La estrecha comunicaci\u00f3n es un elemento importante de nuestro m\u00e9todo para manejar cualquier tipo de caso civil, y mantenemos a los clientes informados sobre sus asuntos legales en tiempo real.<\/p>\n<p>Tratar de representarse a s\u00ed mismo s\u00f3lo para ahorrar honorarios legales podr\u00eda llevar a un juez a desestimar su caso antes de que llegue a resoluci\u00f3n o juicio debido a la falta de un plazo de presentaci\u00f3n requerido o al olvido de papeleo crucial. En lugar de correr este riesgo y anular completamente sus posibilidades de recuperaci\u00f3n despu\u00e9s de una lesi\u00f3n por negligencia de seguridad, haga que los abogados de Varner Injury Advocates, LLC, manejen sus asuntos legales para que pueda concentrarse en la recuperaci\u00f3n con mayor tranquilidad.<\/p>\n<h2>\u00bfQu\u00e9 es la negligencia en materia de seguridad?<\/h2>\n<p>El t\u00e9rmino \"negligencia en materia de seguridad\" puede aplicarse a muchas situaciones posibles tanto en propiedades comerciales como residenciales. Sin embargo, la obligaci\u00f3n de proporcionar seguridad variar\u00e1 de un inmueble comercial a uno residencial. La obligaci\u00f3n tambi\u00e9n puede variar en funci\u00f3n de otros factores. Por ejemplo, el propietario de un complejo de apartamentos puede tener la obligaci\u00f3n de proporcionar seguridad dentro de las paredes del complejo y de las unidades individuales, pero puede no ser responsable de los incidentes que ocurran en la calle o en un aparcamiento cercano. Algunos ejemplos de negligencia en la seguridad que pueden dar lugar a delitos violentos son:<\/p>\n<ul>\n<li>El propietario de un complejo de apartamentos no arregla el lector de tarjetas de acceso de una de las entradas, lo que permite la entrada al edificio a cualquiera aunque no posea tarjetas de acceso. Alguien entra en el edificio y agrede a un inquilino.<\/li>\n<li>El due\u00f1o de una propiedad contrata a guardias de seguridad para mantener la seguridad de las instalaciones, pero un guardia sin formaci\u00f3n se queda dormido en el trabajo y permite que se produzca un robo.<\/li>\n<li>El propietario de un inmueble compra c\u00e1maras de seguridad, pero no puede permitirse cablearlas o instalarles el software adecuado, por lo que se limita a instalarlas para que parezca que hay cobertura de c\u00e1maras de seguridad. M\u00e1s tarde, un visitante de la propiedad sufre una agresi\u00f3n violenta y no hay ninguna grabaci\u00f3n de lo ocurrido debido a la instalaci\u00f3n defectuosa de las c\u00e1maras por parte del propietario.<\/li>\n<\/ul>\n<h2>Presentaci\u00f3n de una reclamaci\u00f3n por negligencia de seguridad y determinaci\u00f3n de la responsabilidad<\/h2>\n<p>Una demanda por negligencia en la seguridad podr\u00eda ir acompa\u00f1ada de una causa penal contra el autor de un delito violento. El delincuente podr\u00eda ser procesado por el Estado y la v\u00edctima podr\u00eda emprender acciones civiles, pero la v\u00edctima probablemente tendr\u00eda motivos para reclamar al propietario si la negligencia en la seguridad contribuy\u00f3 a sus da\u00f1os.<\/p>\n<p>El demandante en una demanda por negligencia en materia de seguridad debe demostrar que el demandado no abord\u00f3 un problema de seguridad previsible o no proporcion\u00f3 la seguridad adecuada. A continuaci\u00f3n, el demandante debe demostrar que esa falta de seguridad adecuada le caus\u00f3 directamente da\u00f1os.<\/p>\n<h2>P\u00f3ngase en contacto con nosotros<\/h2>\n<div id=\"attachment_1086\" style=\"width: 265px\" class=\"wp-caption alignright\"><img loading=\"lazy\" decoding=\"async\" aria-describedby=\"caption-attachment-1086\" class=\"wp-image-1086 size-medium\" src=\"https:\/\/varnerinjuryadvocates.com\/wp-content\/uploads\/2018\/10\/att_lauren-255x300.jpg\" alt=\"Lauren Varner Denver Abogado de Lesiones Personales\" width=\"255\" height=\"300\" srcset=\"https:\/\/varnerinjuryadvocates.com\/wp-content\/uploads\/2018\/10\/att_lauren-255x300.jpg 255w, https:\/\/varnerinjuryadvocates.com\/wp-content\/uploads\/2018\/10\/att_lauren.jpg 620w\" sizes=\"auto, (max-width: 255px) 100vw, 255px\" \/><p id=\"caption-attachment-1086\" class=\"wp-caption-text\">Abogado de seguridad negligente de Denver, <a href=\"\/es\/nuestro-equipo\/lauren-varner\/\">Lauren Varner<\/a><\/p><\/div>\n<p>Hay muchas partes posibles en movimiento en una demanda por negligencia de seguridad, y una v\u00edctima lesionada necesita asistencia legal adecuada para navegar por el complejo panorama legal que conlleva una demanda de este tipo. P\u00f3ngase en contacto con los abogados de Varner Injury Advocates, LLC, hoy para <a href=\"\/es\/contacto\/\">programar una consulta<\/a> acerca de su caso de negligencia de seguridad en Denver y otras \u00e1reas circundantes y podemos hacerle saber c\u00f3mo nuestra empresa puede ayudar.<\/p>\n<h3>Oficina<\/h3>\n<p>Calle Quebec Sur 6025<br \/>\nSuite 100<br \/>\nCentennial, CO 80111<br \/>\nTel\u00e9fono: <a href=\"tel: +1720-710-9073\">720-710-9073<\/a><\/p>\n<p><iframe loading=\"lazy\" style=\"border: 0;\" src=\"https:\/\/www.google.com\/maps\/embed?pb=!1m18!1m12!1m3!1d3073.887741927799!2d-104.9054209!3d39.6072112!2m3!1f0!2f0!3f0!3m2!1i1024!2i768!4f13.1!3m3!1m2!1s0x876c8692c9baaaab%3A0x1b81577a3860788c!2sVarner%20Faddis%20Elite%20Legal!5e0!3m2!1sen!2sus!4v1653688590810!5m2!1sen!2sus\" width=\"600\" height=\"450\" allowfullscreen=\"allowfullscreen\" data-mce-fragment=\"1\"><\/iframe><\/p>","protected":false},"excerpt":{"rendered":"<p>\u00bfLastimado debido a la propiedad insegura? Llame a un Abogado de Denver de Seguridad Negligente Seguridad negligente es una rama de la ley de responsabilidad de premisas que pertenece a incidentes que implican actos criminales en propiedad privada. Un propietario tiene el deber de garantizar la seguridad de los hu\u00e9spedes, visitantes y residentes de su propiedad, y esto<\/p>","protected":false},"author":15,"featured_media":0,"parent":0,"menu_order":0,"comment_status":"closed","ping_status":"closed","template":"","meta":{"_acf_changed":false,"footnotes":""},"class_list":["post-1206","page","type-page","status-publish","hentry"],"acf":[],"yoast_head":"<!-- This site is optimized with the Yoast SEO Premium plugin v21.4 (Yoast SEO v25.7) - https:\/\/yoast.com\/wordpress\/plugins\/seo\/ -->\n<title>Denver Negligent Security Lawyer | Premises Liability Attorneys | Varner Faddis Elite Legal<\/title>\n<meta name=\"description\" content=\"Hurt due to poor security on someone else\u2019s property? Our Denver negligent security lawyers fight for victims. Talk to a negligence security attorney today.\" \/>\n<meta name=\"robots\" content=\"index, follow, max-snippet:-1, max-image-preview:large, max-video-preview:-1\" \/>\n<link rel=\"canonical\" href=\"https:\/\/varnerinjuryadvocates.com\/es\/denver-negligencia-de-seguridad-abogado\/\" \/>\n<meta property=\"og:locale\" content=\"es_MX\" \/>\n<meta property=\"og:type\" content=\"article\" \/>\n<meta property=\"og:title\" content=\"Denver Negligent Security Lawyers\" \/>\n<meta property=\"og:description\" content=\"Hurt due to poor security on someone else\u2019s property? Our Denver negligent security lawyers fight for victims. Talk to a negligence security attorney today.\" \/>\n<meta property=\"og:url\" content=\"https:\/\/varnerinjuryadvocates.com\/es\/denver-negligencia-de-seguridad-abogado\/\" \/>\n<meta property=\"og:site_name\" content=\"Varner Elite Legal\" \/>\n<meta property=\"article:publisher\" content=\"https:\/\/www.facebook.com\/VFELcolorado\/\" \/>\n<meta property=\"article:modified_time\" content=\"2025-07-02T17:03:53+00:00\" \/>\n<meta property=\"og:image\" content=\"https:\/\/varnerinjuryadvocates.com\/wp-content\/uploads\/2018\/10\/NTL-top-40-40-member.png\" \/>\n\t<meta property=\"og:image:width\" content=\"150\" \/>\n\t<meta property=\"og:image:height\" content=\"150\" \/>\n\t<meta property=\"og:image:type\" content=\"image\/png\" \/>\n<meta name=\"twitter:card\" content=\"summary_large_image\" \/>\n<meta name=\"twitter:label1\" content=\"Tiempo de lectura\" \/>\n\t<meta name=\"twitter:data1\" content=\"4 minutos\" \/>\n<script type=\"application\/ld+json\" class=\"yoast-schema-graph\">{\"@context\":\"https:\/\/schema.org\",\"@graph\":[{\"@type\":\"WebPage\",\"@id\":\"https:\/\/varnerinjuryadvocates.com\/denver-negligent-security-lawyer\/\",\"url\":\"https:\/\/varnerinjuryadvocates.com\/denver-negligent-security-lawyer\/\",\"name\":\"Denver Negligent Security Lawyer | Premises Liability Attorneys | Varner Faddis Elite Legal\",\"isPartOf\":{\"@id\":\"https:\/\/varnerinjuryadvocates.com\/#website\"},\"primaryImageOfPage\":{\"@id\":\"https:\/\/varnerinjuryadvocates.com\/denver-negligent-security-lawyer\/#primaryimage\"},\"image\":{\"@id\":\"https:\/\/varnerinjuryadvocates.com\/denver-negligent-security-lawyer\/#primaryimage\"},\"thumbnailUrl\":\"https:\/\/varnerinjuryadvocates.com\/wp-content\/uploads\/2018\/10\/NTL-top-40-40-member.png\",\"datePublished\":\"2018-11-18T06:04:10+00:00\",\"dateModified\":\"2025-07-02T17:03:53+00:00\",\"description\":\"Hurt due to poor security on someone else\u2019s property? Our Denver negligent security lawyers fight for victims. Talk to a negligence security attorney today.\",\"breadcrumb\":{\"@id\":\"https:\/\/varnerinjuryadvocates.com\/denver-negligent-security-lawyer\/#breadcrumb\"},\"inLanguage\":\"es\",\"potentialAction\":[{\"@type\":\"ReadAction\",\"target\":[\"https:\/\/varnerinjuryadvocates.com\/denver-negligent-security-lawyer\/\"]}]},{\"@type\":\"ImageObject\",\"inLanguage\":\"es\",\"@id\":\"https:\/\/varnerinjuryadvocates.com\/denver-negligent-security-lawyer\/#primaryimage\",\"url\":\"https:\/\/varnerinjuryadvocates.com\/wp-content\/uploads\/2018\/10\/NTL-top-40-40-member.png\",\"contentUrl\":\"https:\/\/varnerinjuryadvocates.com\/wp-content\/uploads\/2018\/10\/NTL-top-40-40-member.png\"},{\"@type\":\"BreadcrumbList\",\"@id\":\"https:\/\/varnerinjuryadvocates.com\/denver-negligent-security-lawyer\/#breadcrumb\",\"itemListElement\":[{\"@type\":\"ListItem\",\"position\":1,\"name\":\"Home\",\"item\":\"https:\/\/varnerinjuryadvocates.com\/\"},{\"@type\":\"ListItem\",\"position\":2,\"name\":\"Denver Negligent Security Lawyers\"}]},{\"@type\":\"WebSite\",\"@id\":\"https:\/\/varnerinjuryadvocates.com\/#website\",\"url\":\"https:\/\/varnerinjuryadvocates.com\/\",\"name\":\"Varner Elite Legal\",\"description\":\"A New Kind Of Personal Injury Law Firm\",\"publisher\":{\"@id\":\"https:\/\/varnerinjuryadvocates.com\/#organization\"},\"potentialAction\":[{\"@type\":\"SearchAction\",\"target\":{\"@type\":\"EntryPoint\",\"urlTemplate\":\"https:\/\/varnerinjuryadvocates.com\/?s={search_term_string}\"},\"query-input\":{\"@type\":\"PropertyValueSpecification\",\"valueRequired\":true,\"valueName\":\"search_term_string\"}}],\"inLanguage\":\"es\"},{\"@type\":\"Organization\",\"@id\":\"https:\/\/varnerinjuryadvocates.com\/#organization\",\"name\":\"Varner Faddis Elite Legal, PLLC\",\"url\":\"https:\/\/varnerinjuryadvocates.com\/\",\"logo\":{\"@type\":\"ImageObject\",\"inLanguage\":\"es\",\"@id\":\"https:\/\/varnerinjuryadvocates.com\/#\/schema\/logo\/image\/\",\"url\":\"https:\/\/varnerinjuryadvocates.com\/wp-content\/uploads\/2020\/09\/VarnerFaddis-MainLogo-Black-Web.jpg\",\"contentUrl\":\"https:\/\/varnerinjuryadvocates.com\/wp-content\/uploads\/2020\/09\/VarnerFaddis-MainLogo-Black-Web.jpg\",\"width\":2000,\"height\":1456,\"caption\":\"Varner Faddis Elite Legal, PLLC\"},\"image\":{\"@id\":\"https:\/\/varnerinjuryadvocates.com\/#\/schema\/logo\/image\/\"},\"sameAs\":[\"https:\/\/www.facebook.com\/VFELcolorado\/\",\"https:\/\/www.instagram.com\/varnerfaddis\/\"]}]}<\/script>\n<!-- \/ Yoast SEO Premium plugin. -->","yoast_head_json":{"title":"Denver Abogado de Seguridad Negligente | Abogados de Responsabilidad de Locales | Varner Faddis Elite Legal","description":"\u00bfSe ha lesionado por culpa de una seguridad deficiente en una propiedad ajena? Nuestros abogados de negligencia de seguridad de Denver luchan por las v\u00edctimas. Hable con un abogado de negligencia de seguridad hoy.","robots":{"index":"index","follow":"follow","max-snippet":"max-snippet:-1","max-image-preview":"max-image-preview:large","max-video-preview":"max-video-preview:-1"},"canonical":"https:\/\/varnerinjuryadvocates.com\/es\/denver-negligencia-de-seguridad-abogado\/","og_locale":"es_MX","og_type":"article","og_title":"Denver Negligent Security Lawyers","og_description":"Hurt due to poor security on someone else\u2019s property? Our Denver negligent security lawyers fight for victims. Talk to a negligence security attorney today.","og_url":"https:\/\/varnerinjuryadvocates.com\/es\/denver-negligencia-de-seguridad-abogado\/","og_site_name":"Varner Elite Legal","article_publisher":"https:\/\/www.facebook.com\/VFELcolorado\/","article_modified_time":"2025-07-02T17:03:53+00:00","og_image":[{"width":150,"height":150,"url":"https:\/\/varnerinjuryadvocates.com\/wp-content\/uploads\/2018\/10\/NTL-top-40-40-member.png","type":"image\/png"}],"twitter_card":"summary_large_image","twitter_misc":{"Tiempo de lectura":"4 minutos"},"schema":{"@context":"https:\/\/schema.org","@graph":[{"@type":"WebPage","@id":"https:\/\/varnerinjuryadvocates.com\/denver-negligent-security-lawyer\/","url":"https:\/\/varnerinjuryadvocates.com\/denver-negligent-security-lawyer\/","name":"Denver Abogado de Seguridad Negligente | Abogados de Responsabilidad de Locales | Varner Faddis Elite Legal","isPartOf":{"@id":"https:\/\/varnerinjuryadvocates.com\/#website"},"primaryImageOfPage":{"@id":"https:\/\/varnerinjuryadvocates.com\/denver-negligent-security-lawyer\/#primaryimage"},"image":{"@id":"https:\/\/varnerinjuryadvocates.com\/denver-negligent-security-lawyer\/#primaryimage"},"thumbnailUrl":"https:\/\/varnerinjuryadvocates.com\/wp-content\/uploads\/2018\/10\/NTL-top-40-40-member.png","datePublished":"2018-11-18T06:04:10+00:00","dateModified":"2025-07-02T17:03:53+00:00","description":"\u00bfSe ha lesionado por culpa de una seguridad deficiente en una propiedad ajena? Nuestros abogados de negligencia de seguridad de Denver luchan por las v\u00edctimas. Hable con un abogado de negligencia de seguridad hoy.","breadcrumb":{"@id":"https:\/\/varnerinjuryadvocates.com\/denver-negligent-security-lawyer\/#breadcrumb"},"inLanguage":"es","potentialAction":[{"@type":"ReadAction","target":["https:\/\/varnerinjuryadvocates.com\/denver-negligent-security-lawyer\/"]}]},{"@type":"ImageObject","inLanguage":"es","@id":"https:\/\/varnerinjuryadvocates.com\/denver-negligent-security-lawyer\/#primaryimage","url":"https:\/\/varnerinjuryadvocates.com\/wp-content\/uploads\/2018\/10\/NTL-top-40-40-member.png","contentUrl":"https:\/\/varnerinjuryadvocates.com\/wp-content\/uploads\/2018\/10\/NTL-top-40-40-member.png"},{"@type":"BreadcrumbList","@id":"https:\/\/varnerinjuryadvocates.com\/denver-negligent-security-lawyer\/#breadcrumb","itemListElement":[{"@type":"ListItem","position":1,"name":"Home","item":"https:\/\/varnerinjuryadvocates.com\/"},{"@type":"ListItem","position":2,"name":"Denver Negligent Security Lawyers"}]},{"@type":"WebSite","@id":"https:\/\/varnerinjuryadvocates.com\/#website","url":"https:\/\/varnerinjuryadvocates.com\/","name":"Varner Elite Legal","description":"Un nuevo tipo de bufete de abogados especializados en lesiones personales","publisher":{"@id":"https:\/\/varnerinjuryadvocates.com\/#organization"},"potentialAction":[{"@type":"SearchAction","target":{"@type":"EntryPoint","urlTemplate":"https:\/\/varnerinjuryadvocates.com\/?s={search_term_string}"},"query-input":{"@type":"PropertyValueSpecification","valueRequired":true,"valueName":"search_term_string"}}],"inLanguage":"es"},{"@type":"Organization","@id":"https:\/\/varnerinjuryadvocates.com\/#organization","name":"Varner Faddis Elite Legal, PLLC","url":"https:\/\/varnerinjuryadvocates.com\/","logo":{"@type":"ImageObject","inLanguage":"es","@id":"https:\/\/varnerinjuryadvocates.com\/#\/schema\/logo\/image\/","url":"https:\/\/varnerinjuryadvocates.com\/wp-content\/uploads\/2020\/09\/VarnerFaddis-MainLogo-Black-Web.jpg","contentUrl":"https:\/\/varnerinjuryadvocates.com\/wp-content\/uploads\/2020\/09\/VarnerFaddis-MainLogo-Black-Web.jpg","width":2000,"height":1456,"caption":"Varner Faddis Elite Legal, PLLC"},"image":{"@id":"https:\/\/varnerinjuryadvocates.com\/#\/schema\/logo\/image\/"},"sameAs":["https:\/\/www.facebook.com\/VFELcolorado\/","https:\/\/www.instagram.com\/varnerfaddis\/"]}]}},"_links":{"self":[{"href":"https:\/\/varnerinjuryadvocates.com\/es\/wp-json\/wp\/v2\/pages\/1206","targetHints":{"allow":["GET"]}}],"collection":[{"href":"https:\/\/varnerinjuryadvocates.com\/es\/wp-json\/wp\/v2\/pages"}],"about":[{"href":"https:\/\/varnerinjuryadvocates.com\/es\/wp-json\/wp\/v2\/types\/page"}],"author":[{"embeddable":true,"href":"https:\/\/varnerinjuryadvocates.com\/es\/wp-json\/wp\/v2\/users\/15"}],"replies":[{"embeddable":true,"href":"https:\/\/varnerinjuryadvocates.com\/es\/wp-json\/wp\/v2\/comments?post=1206"}],"version-history":[{"count":0,"href":"https:\/\/varnerinjuryadvocates.com\/es\/wp-json\/wp\/v2\/pages\/1206\/revisions"}],"wp:attachment":[{"href":"https:\/\/varnerinjuryadvocates.com\/es\/wp-json\/wp\/v2\/media?parent=1206"}],"curies":[{"name":"wp","href":"https:\/\/api.w.org\/{rel}","templated":true}]}}