{"id":1216,"date":"2018-11-18T09:12:01","date_gmt":"2018-11-18T09:12:01","guid":{"rendered":"http:\/\/varnerfel.1p21.io\/?page_id=1216"},"modified":"2026-01-31T08:48:30","modified_gmt":"2026-01-31T15:48:30","slug":"abogado-de-lesiones-medulares-en-denver","status":"publish","type":"page","link":"https:\/\/varnerinjuryadvocates.com\/es\/abogado-de-lesiones-medulares-en-denver\/","title":{"rendered":"Abogados de Denver especializados en lesiones medulares"},"content":{"rendered":"<h1>Abogado de lesiones medulares en Denver - Ayuda a v\u00edctimas de lesiones catastr\u00f3ficas<\/h1>\n<p>Cada a\u00f1o se producen en Estados Unidos decenas de miles de lesiones medulares y cientos de miles de estadounidenses viven actualmente con los efectos a largo plazo de las lesiones medulares. Cualquier da\u00f1o a la m\u00e9dula espinal puede tener efectos graves porque la m\u00e9dula espinal no puede autorrepararse como el resto del cuerpo. Cuando las lesiones de la m\u00e9dula espinal se producen debido a una negligencia, las v\u00edctimas y sus familias necesitan conocer sus opciones de recurso legal contra los responsables. Las v\u00edctimas de lesiones medulares de Denver pueden encontrar la representaci\u00f3n legal adecuada en nuestros abogados.<\/p>\n<h2>\u00bfPor qu\u00e9 contratar a Varner Injury Advocates, LLC para su demanda por lesi\u00f3n de la m\u00e9dula espinal?<\/h2>\n<p><a href=\"\/es\/\"><img loading=\"lazy\" decoding=\"async\" class=\"size-full wp-image-1115 alignright\" src=\"https:\/\/varnerinjuryadvocates.com\/wp-content\/uploads\/2018\/10\/NTL-top-40-40-member.png\" alt=\"NTL\" width=\"150\" height=\"150\" \/>Varner Injury Advocates, LLC<\/a> sabe que una lesi\u00f3n medular no s\u00f3lo es una experiencia terrible, sino tambi\u00e9n potencialmente costosa. Las partes que causan lesiones de la m\u00e9dula espinal por negligencia deben pagar por el da\u00f1o que infligen. Nuestro equipo se esfuerza por alcanzar la excelencia, la integridad y la comunicaci\u00f3n abierta con nuestros clientes en todos los casos. Hemos resuelto cientos de casos en los \u00faltimos a\u00f1os y queremos ayudar a las v\u00edctimas de lesiones de la m\u00e9dula espinal de Denver, CO a maximizar su recuperaci\u00f3n.<\/p>\n<p>Una demanda por lesi\u00f3n medular ser\u00e1 extremadamente complicada e implicar\u00e1 trabajar con testigos expertos. Una persona normal no sabr\u00e1 c\u00f3mo ponerse en contacto con los expertos pertinentes, construir casos s\u00f3lidos o cumplir los estrictos requisitos de presentaci\u00f3n del tribunal para tener \u00e9xito con sus reclamaciones por s\u00ed sola. Un abogado no s\u00f3lo puede ocuparse de los asuntos legales de una v\u00edctima de lesi\u00f3n medular mientras se recupera, sino que tambi\u00e9n le ofrece tranquilidad y mayores probabilidades de \u00e9xito con una demanda.<\/p>\n<h2>Causas comunes de lesiones medulares y responsabilidad civil<\/h2>\n<p>Algunas de las causas m\u00e1s comunes de lesiones medulares en Estados Unidos son los accidentes deportivos, <a href=\"\/es\/areas-de-practica\/accidentes-de-trafico\/\">accidentes de tr\u00e1fico<\/a>lesiones en el lugar de trabajo y <a href=\"\/es\/areas-de-practica\/trip-slip-fall-accidents\/\">accidentes por resbalones y ca\u00eddas<\/a>. Cuando estos incidentes se producen debido a la <a href=\"\/es\/areas-de-practica\/general-negligence\/\">negligencia<\/a> de una de las partes, la v\u00edctima puede presentar una demanda por lesiones personales para recuperar sus p\u00e9rdidas. El demandante en una demanda por lesiones medulares tendr\u00e1 que demostrar que el demandado fue negligente e incumpli\u00f3 su deber de diligencia en la situaci\u00f3n dada. El demandante tambi\u00e9n debe demostrar que sus p\u00e9rdidas fueron consecuencia directa de las acciones del demandado y no de otra causa. Por \u00faltimo, el demandante debe demostrar los da\u00f1os sufridos. Los da\u00f1os en un caso de lesi\u00f3n medular pueden incluir:<\/p>\n<ul>\n<li><strong>Gastos m\u00e9dicos<\/strong>para los costes del tratamiento m\u00e9dico inmediato y a largo plazo necesario tras una lesi\u00f3n medular.<\/li>\n<li><strong>P\u00e9rdida de ingresos<\/strong>El seguro de desempleo cubre los salarios perdidos durante la recuperaci\u00f3n, as\u00ed como la p\u00e9rdida de ingresos futuros si la v\u00edctima no puede volver a trabajar.<\/li>\n<li><strong>Da\u00f1os materiales<\/strong>si el comportamiento del demandado tambi\u00e9n da\u00f1\u00f3 o destruy\u00f3 alg\u00fan bien personal del demandante.<\/li>\n<li><strong>Dolor y sufrimiento<\/strong>que compensa el dolor f\u00edsico asociado a una lesi\u00f3n, as\u00ed como los efectos psicol\u00f3gicos a largo plazo que pueden derivarse de sufrir una incapacidad permanente tras un accidente.<\/li>\n<\/ul>\n<h2>Causas comunes de lesiones de la m\u00e9dula espinal en Denver<\/h2>\n<p>La mayor\u00eda de las lesiones medulares se deben a accidentes evitables.<br \/>\nLas causas m\u00e1s comunes son:<\/p>\n<ul>\n<li><strong>Colisiones de veh\u00edculos de motor<\/strong><\/li>\n<li><strong>Cataratas<\/strong><\/li>\n<li><strong>Accidentes deportivos o recreativos<\/strong><\/li>\n<li><strong>Actos de violencia<\/strong><\/li>\n<\/ul>\n<p>Cada uno de ellos puede dejar a las v\u00edctimas con problemas m\u00e9dicos de por vida y gastos considerables.<\/p>\n<p>Dependiendo de la localizaci\u00f3n y el alcance de la lesi\u00f3n medular, la v\u00edctima puede experimentar una serie de posibles efectos permanentes. Una lesi\u00f3n completa que seccione la m\u00e9dula espinal paralizar\u00e1 el cuerpo de la v\u00edctima por debajo del lugar de la lesi\u00f3n. Las terminaciones nerviosas de la m\u00e9dula espinal dejar\u00e1n de transmitir se\u00f1ales a los nervios situados por debajo de la lesi\u00f3n, con la consiguiente p\u00e9rdida permanente de la funci\u00f3n motora y la sensibilidad. Una lesi\u00f3n incompleta puede provocar una p\u00e9rdida de funci\u00f3n, una p\u00e9rdida de control motor, una p\u00e9rdida de sensibilidad o una combinaci\u00f3n de estos s\u00edntomas.<\/p>\n<h2>P\u00f3ngase en contacto con nosotros<\/h2>\n<p>Si otra persona o parte caus\u00f3 una lesi\u00f3n de la m\u00e9dula espinal a usted o un ser querido, usted necesita buscar asesoramiento legal tan pronto como sea posible para maximizar sus posibilidades de obtener una indemnizaci\u00f3n por sus p\u00e9rdidas probablemente significativas. Nuestros abogados de Denver, CO pueden ayudarle a entender sus opciones legales despu\u00e9s de una lesi\u00f3n de la m\u00e9dula espinal en un <a href=\"\/es\/contacto\/\">consulta gratuita<\/a>P\u00f3ngase en contacto con nuestras oficinas hoy mismo.<\/p>\n<h3>Oficina<\/h3>\n<p>Calle Quebec Sur 6025<br \/>\nSuite 100<br \/>\nCentennial, CO 80111<br \/>\nTel\u00e9fono: <a href=\"tel: +1720-710-9073\">720-710-9073<\/a><\/p>\n<p><iframe loading=\"lazy\" style=\"border: 0;\" src=\"https:\/\/www.google.com\/maps\/embed?pb=!1m18!1m12!1m3!1d3073.887741927799!2d-104.9054209!3d39.6072112!2m3!1f0!2f0!3f0!3m2!1i1024!2i768!4f13.1!3m3!1m2!1s0x876c8692c9baaaab%3A0x1b81577a3860788c!2sVarner%20Faddis%20Elite%20Legal!5e0!3m2!1sen!2sus!4v1653688590810!5m2!1sen!2sus\" width=\"600\" height=\"450\" allowfullscreen=\"allowfullscreen\" data-mce-fragment=\"1\"><\/iframe><\/p>","protected":false},"excerpt":{"rendered":"<p>Abogado de Denver especializado en lesiones de la m\u00e9dula espinal - Ayuda a las v\u00edctimas de lesiones catastr\u00f3ficas Cada a\u00f1o en los Estados Unidos se producen decenas de miles de lesiones de la m\u00e9dula espinal y cientos de miles de estadounidenses viven actualmente con los efectos a largo plazo de las lesiones de la m\u00e9dula espinal. Cualquier da\u00f1o a la m\u00e9dula espinal puede tener efectos graves porque la m\u00e9dula espinal<\/p>","protected":false},"author":15,"featured_media":0,"parent":0,"menu_order":0,"comment_status":"closed","ping_status":"closed","template":"","meta":{"_acf_changed":false,"footnotes":""},"class_list":["post-1216","page","type-page","status-publish","hentry"],"acf":[],"yoast_head":"<!-- This site is optimized with the Yoast SEO Premium plugin v21.4 (Yoast SEO v25.7) - https:\/\/yoast.com\/wordpress\/plugins\/seo\/ -->\n<title>Denver Spinal Injury Lawyer | Varner Faddis Elite Legal<\/title>\n<meta name=\"description\" content=\"Suffering from a spinal cord injury in Denver, CO? Varner Faddis fights for victims. Get a free consultation &amp; understand your legal options today. Contact us!\" \/>\n<meta name=\"robots\" content=\"index, follow, max-snippet:-1, max-image-preview:large, max-video-preview:-1\" \/>\n<link rel=\"canonical\" href=\"https:\/\/varnerinjuryadvocates.com\/es\/abogado-de-lesiones-medulares-en-denver\/\" \/>\n<meta property=\"og:locale\" content=\"es_MX\" \/>\n<meta property=\"og:type\" content=\"article\" \/>\n<meta property=\"og:title\" content=\"Denver Spinal Cord Injury Lawyers\" \/>\n<meta property=\"og:description\" content=\"Suffering from a spinal cord injury in Denver, CO? Varner Faddis fights for victims. Get a free consultation &amp; understand your legal options today. Contact us!\" \/>\n<meta property=\"og:url\" content=\"https:\/\/varnerinjuryadvocates.com\/es\/abogado-de-lesiones-medulares-en-denver\/\" \/>\n<meta property=\"og:site_name\" content=\"Varner Elite Legal\" \/>\n<meta property=\"article:publisher\" content=\"https:\/\/www.facebook.com\/VFELcolorado\/\" \/>\n<meta property=\"article:modified_time\" content=\"2026-01-31T15:48:30+00:00\" \/>\n<meta property=\"og:image\" content=\"https:\/\/varnerinjuryadvocates.com\/wp-content\/uploads\/2018\/10\/NTL-top-40-40-member.png\" \/>\n\t<meta property=\"og:image:width\" content=\"150\" \/>\n\t<meta property=\"og:image:height\" content=\"150\" \/>\n\t<meta property=\"og:image:type\" content=\"image\/png\" \/>\n<meta name=\"twitter:card\" content=\"summary_large_image\" \/>\n<meta name=\"twitter:label1\" content=\"Tiempo de lectura\" \/>\n\t<meta name=\"twitter:data1\" content=\"4 minutos\" \/>\n<script type=\"application\/ld+json\" class=\"yoast-schema-graph\">{\"@context\":\"https:\/\/schema.org\",\"@graph\":[{\"@type\":\"WebPage\",\"@id\":\"https:\/\/varnerinjuryadvocates.com\/denver-spinal-cord-injuries-lawyer\/\",\"url\":\"https:\/\/varnerinjuryadvocates.com\/denver-spinal-cord-injuries-lawyer\/\",\"name\":\"Denver Spinal Injury Lawyer | Varner Faddis Elite Legal\",\"isPartOf\":{\"@id\":\"https:\/\/varnerinjuryadvocates.com\/#website\"},\"primaryImageOfPage\":{\"@id\":\"https:\/\/varnerinjuryadvocates.com\/denver-spinal-cord-injuries-lawyer\/#primaryimage\"},\"image\":{\"@id\":\"https:\/\/varnerinjuryadvocates.com\/denver-spinal-cord-injuries-lawyer\/#primaryimage\"},\"thumbnailUrl\":\"https:\/\/varnerinjuryadvocates.com\/wp-content\/uploads\/2018\/10\/NTL-top-40-40-member.png\",\"datePublished\":\"2018-11-18T09:12:01+00:00\",\"dateModified\":\"2026-01-31T15:48:30+00:00\",\"description\":\"Suffering from a spinal cord injury in Denver, CO? Varner Faddis fights for victims. Get a free consultation & understand your legal options today. Contact us!\",\"breadcrumb\":{\"@id\":\"https:\/\/varnerinjuryadvocates.com\/denver-spinal-cord-injuries-lawyer\/#breadcrumb\"},\"inLanguage\":\"es\",\"potentialAction\":[{\"@type\":\"ReadAction\",\"target\":[\"https:\/\/varnerinjuryadvocates.com\/denver-spinal-cord-injuries-lawyer\/\"]}]},{\"@type\":\"ImageObject\",\"inLanguage\":\"es\",\"@id\":\"https:\/\/varnerinjuryadvocates.com\/denver-spinal-cord-injuries-lawyer\/#primaryimage\",\"url\":\"https:\/\/varnerinjuryadvocates.com\/wp-content\/uploads\/2018\/10\/NTL-top-40-40-member.png\",\"contentUrl\":\"https:\/\/varnerinjuryadvocates.com\/wp-content\/uploads\/2018\/10\/NTL-top-40-40-member.png\"},{\"@type\":\"BreadcrumbList\",\"@id\":\"https:\/\/varnerinjuryadvocates.com\/denver-spinal-cord-injuries-lawyer\/#breadcrumb\",\"itemListElement\":[{\"@type\":\"ListItem\",\"position\":1,\"name\":\"Home\",\"item\":\"https:\/\/varnerinjuryadvocates.com\/\"},{\"@type\":\"ListItem\",\"position\":2,\"name\":\"Denver Spinal Cord Injury Lawyers\"}]},{\"@type\":\"WebSite\",\"@id\":\"https:\/\/varnerinjuryadvocates.com\/#website\",\"url\":\"https:\/\/varnerinjuryadvocates.com\/\",\"name\":\"Varner Elite Legal\",\"description\":\"A New Kind Of Personal Injury Law Firm\",\"publisher\":{\"@id\":\"https:\/\/varnerinjuryadvocates.com\/#organization\"},\"potentialAction\":[{\"@type\":\"SearchAction\",\"target\":{\"@type\":\"EntryPoint\",\"urlTemplate\":\"https:\/\/varnerinjuryadvocates.com\/?s={search_term_string}\"},\"query-input\":{\"@type\":\"PropertyValueSpecification\",\"valueRequired\":true,\"valueName\":\"search_term_string\"}}],\"inLanguage\":\"es\"},{\"@type\":\"Organization\",\"@id\":\"https:\/\/varnerinjuryadvocates.com\/#organization\",\"name\":\"Varner Faddis Elite Legal, PLLC\",\"url\":\"https:\/\/varnerinjuryadvocates.com\/\",\"logo\":{\"@type\":\"ImageObject\",\"inLanguage\":\"es\",\"@id\":\"https:\/\/varnerinjuryadvocates.com\/#\/schema\/logo\/image\/\",\"url\":\"https:\/\/varnerinjuryadvocates.com\/wp-content\/uploads\/2020\/09\/VarnerFaddis-MainLogo-Black-Web.jpg\",\"contentUrl\":\"https:\/\/varnerinjuryadvocates.com\/wp-content\/uploads\/2020\/09\/VarnerFaddis-MainLogo-Black-Web.jpg\",\"width\":2000,\"height\":1456,\"caption\":\"Varner Faddis Elite Legal, PLLC\"},\"image\":{\"@id\":\"https:\/\/varnerinjuryadvocates.com\/#\/schema\/logo\/image\/\"},\"sameAs\":[\"https:\/\/www.facebook.com\/VFELcolorado\/\",\"https:\/\/www.instagram.com\/varnerfaddis\/\"]}]}<\/script>\n<!-- \/ Yoast SEO Premium plugin. -->","yoast_head_json":{"title":"Denver Abogado de Lesion Espinal | Varner Faddis Elite Legal","description":"\u00bfSufre una lesi\u00f3n de la m\u00e9dula espinal en Denver, CO? Varner Faddis lucha por las v\u00edctimas. Obtenga una consulta gratuita y entienda sus opciones legales hoy. P\u00f3ngase en contacto con nosotros","robots":{"index":"index","follow":"follow","max-snippet":"max-snippet:-1","max-image-preview":"max-image-preview:large","max-video-preview":"max-video-preview:-1"},"canonical":"https:\/\/varnerinjuryadvocates.com\/es\/abogado-de-lesiones-medulares-en-denver\/","og_locale":"es_MX","og_type":"article","og_title":"Denver Spinal Cord Injury Lawyers","og_description":"Suffering from a spinal cord injury in Denver, CO? Varner Faddis fights for victims. Get a free consultation & understand your legal options today. Contact us!","og_url":"https:\/\/varnerinjuryadvocates.com\/es\/abogado-de-lesiones-medulares-en-denver\/","og_site_name":"Varner Elite Legal","article_publisher":"https:\/\/www.facebook.com\/VFELcolorado\/","article_modified_time":"2026-01-31T15:48:30+00:00","og_image":[{"width":150,"height":150,"url":"https:\/\/varnerinjuryadvocates.com\/wp-content\/uploads\/2018\/10\/NTL-top-40-40-member.png","type":"image\/png"}],"twitter_card":"summary_large_image","twitter_misc":{"Tiempo de lectura":"4 minutos"},"schema":{"@context":"https:\/\/schema.org","@graph":[{"@type":"WebPage","@id":"https:\/\/varnerinjuryadvocates.com\/denver-spinal-cord-injuries-lawyer\/","url":"https:\/\/varnerinjuryadvocates.com\/denver-spinal-cord-injuries-lawyer\/","name":"Denver Abogado de Lesion Espinal | Varner Faddis Elite Legal","isPartOf":{"@id":"https:\/\/varnerinjuryadvocates.com\/#website"},"primaryImageOfPage":{"@id":"https:\/\/varnerinjuryadvocates.com\/denver-spinal-cord-injuries-lawyer\/#primaryimage"},"image":{"@id":"https:\/\/varnerinjuryadvocates.com\/denver-spinal-cord-injuries-lawyer\/#primaryimage"},"thumbnailUrl":"https:\/\/varnerinjuryadvocates.com\/wp-content\/uploads\/2018\/10\/NTL-top-40-40-member.png","datePublished":"2018-11-18T09:12:01+00:00","dateModified":"2026-01-31T15:48:30+00:00","description":"\u00bfSufre una lesi\u00f3n de la m\u00e9dula espinal en Denver, CO? Varner Faddis lucha por las v\u00edctimas. Obtenga una consulta gratuita y entienda sus opciones legales hoy. P\u00f3ngase en contacto con nosotros","breadcrumb":{"@id":"https:\/\/varnerinjuryadvocates.com\/denver-spinal-cord-injuries-lawyer\/#breadcrumb"},"inLanguage":"es","potentialAction":[{"@type":"ReadAction","target":["https:\/\/varnerinjuryadvocates.com\/denver-spinal-cord-injuries-lawyer\/"]}]},{"@type":"ImageObject","inLanguage":"es","@id":"https:\/\/varnerinjuryadvocates.com\/denver-spinal-cord-injuries-lawyer\/#primaryimage","url":"https:\/\/varnerinjuryadvocates.com\/wp-content\/uploads\/2018\/10\/NTL-top-40-40-member.png","contentUrl":"https:\/\/varnerinjuryadvocates.com\/wp-content\/uploads\/2018\/10\/NTL-top-40-40-member.png"},{"@type":"BreadcrumbList","@id":"https:\/\/varnerinjuryadvocates.com\/denver-spinal-cord-injuries-lawyer\/#breadcrumb","itemListElement":[{"@type":"ListItem","position":1,"name":"Home","item":"https:\/\/varnerinjuryadvocates.com\/"},{"@type":"ListItem","position":2,"name":"Denver Spinal Cord Injury Lawyers"}]},{"@type":"WebSite","@id":"https:\/\/varnerinjuryadvocates.com\/#website","url":"https:\/\/varnerinjuryadvocates.com\/","name":"Varner Elite Legal","description":"Un nuevo tipo de bufete de abogados especializados en lesiones personales","publisher":{"@id":"https:\/\/varnerinjuryadvocates.com\/#organization"},"potentialAction":[{"@type":"SearchAction","target":{"@type":"EntryPoint","urlTemplate":"https:\/\/varnerinjuryadvocates.com\/?s={search_term_string}"},"query-input":{"@type":"PropertyValueSpecification","valueRequired":true,"valueName":"search_term_string"}}],"inLanguage":"es"},{"@type":"Organization","@id":"https:\/\/varnerinjuryadvocates.com\/#organization","name":"Varner Faddis Elite Legal, PLLC","url":"https:\/\/varnerinjuryadvocates.com\/","logo":{"@type":"ImageObject","inLanguage":"es","@id":"https:\/\/varnerinjuryadvocates.com\/#\/schema\/logo\/image\/","url":"https:\/\/varnerinjuryadvocates.com\/wp-content\/uploads\/2020\/09\/VarnerFaddis-MainLogo-Black-Web.jpg","contentUrl":"https:\/\/varnerinjuryadvocates.com\/wp-content\/uploads\/2020\/09\/VarnerFaddis-MainLogo-Black-Web.jpg","width":2000,"height":1456,"caption":"Varner Faddis Elite Legal, PLLC"},"image":{"@id":"https:\/\/varnerinjuryadvocates.com\/#\/schema\/logo\/image\/"},"sameAs":["https:\/\/www.facebook.com\/VFELcolorado\/","https:\/\/www.instagram.com\/varnerfaddis\/"]}]}},"_links":{"self":[{"href":"https:\/\/varnerinjuryadvocates.com\/es\/wp-json\/wp\/v2\/pages\/1216","targetHints":{"allow":["GET"]}}],"collection":[{"href":"https:\/\/varnerinjuryadvocates.com\/es\/wp-json\/wp\/v2\/pages"}],"about":[{"href":"https:\/\/varnerinjuryadvocates.com\/es\/wp-json\/wp\/v2\/types\/page"}],"author":[{"embeddable":true,"href":"https:\/\/varnerinjuryadvocates.com\/es\/wp-json\/wp\/v2\/users\/15"}],"replies":[{"embeddable":true,"href":"https:\/\/varnerinjuryadvocates.com\/es\/wp-json\/wp\/v2\/comments?post=1216"}],"version-history":[{"count":0,"href":"https:\/\/varnerinjuryadvocates.com\/es\/wp-json\/wp\/v2\/pages\/1216\/revisions"}],"wp:attachment":[{"href":"https:\/\/varnerinjuryadvocates.com\/es\/wp-json\/wp\/v2\/media?parent=1216"}],"curies":[{"name":"wp","href":"https:\/\/api.w.org\/{rel}","templated":true}]}}