{"id":1220,"date":"2018-11-18T09:25:14","date_gmt":"2018-11-18T09:25:14","guid":{"rendered":"http:\/\/varnerfel.1p21.io\/?page_id=1220"},"modified":"2024-07-08T15:38:02","modified_gmt":"2024-07-08T22:38:02","slug":"denver-abogados-de-negligencia-general","status":"publish","type":"page","link":"https:\/\/varnerinjuryadvocates.com\/es\/denver-abogados-de-negligencia-general\/","title":{"rendered":"Denver Negligencia General Abogados"},"content":{"rendered":"<h1>Abogado de seguridad negligente en Denver, CO<\/h1>\n<p><a href=\"\/es\/\">Derecho de da\u00f1os<\/a> gira en torno al concepto jur\u00eddico de negligencia. Es importante para cualquier persona que experimenta una lesi\u00f3n personal de otra parte a conocer la definici\u00f3n de negligencia general y c\u00f3mo se aplica a las acciones civiles. Un abogado de lesiones personales confiable y experimentado puede ayudar a un demandante a identificar los elementos de negligencia en un caso para aumentar las posibilidades de \u00e9xito del demandante en una demanda por lesiones personales. Las personas de Denver que han sufrido una lesi\u00f3n personal debido a una negligencia pueden encontrar la ayuda legal adecuada en nuestros abogados de Varner Injury Advocates.<\/p>\n<h2>\u00bfPor qu\u00e9 elegir Varner Faddis para su caso?<\/h2>\n<p><img loading=\"lazy\" decoding=\"async\" class=\"size-full wp-image-1115 alignright\" src=\"https:\/\/varnerinjuryadvocates.com\/wp-content\/uploads\/2018\/10\/NTL-top-40-40-member.png\" alt=\"NTL\" width=\"150\" height=\"150\" \/>Los abogados de Varner Injury Advocates, LLC tienen a\u00f1os de experiencia manejando todo tipo de demandas civiles para nuestros clientes en Colorado. Entendemos las leyes de negligencia en Colorado y c\u00f3mo se aplican en una variedad de casos de lesiones personales. Nuestro enfoque de la representaci\u00f3n legal se centra en una estrecha comunicaci\u00f3n con nuestros clientes de lesiones personales de Denver y un compromiso inquebrantable con la profesionalidad y la integridad en todo lo que hacemos. Tambi\u00e9n entendemos que los honorarios legales pueden ser una carga tremenda, especialmente despu\u00e9s de sufrir una lesi\u00f3n, por lo que operamos sobre una base de honorarios de contingencia - usted no paga ning\u00fan honorario hasta que ganemos su caso.<\/p>\n<p>Usted puede creer que tiene un caso claro y que la negligencia es obvia en su reclamaci\u00f3n. Sin embargo, incluso las demandas por lesiones aparentemente sencillas tienen el potencial de convertirse en complejas batallas legales que pueden prolongarse durante a\u00f1os. Contar con un abogado con experiencia en lesiones personales no s\u00f3lo ayuda a obtener un resultado m\u00e1s r\u00e1pido, sino que tambi\u00e9n aumenta las posibilidades del cliente de prevalecer en un caso y maximizar la recuperaci\u00f3n financiera.<\/p>\n<h2>Lesiones personales y negligencia general<\/h2>\n<p>Un demandante debe probar cuatro elementos b\u00e1sicos de negligencia general para tener \u00e9xito en una demanda por lesiones personales, entre ellos:<\/p>\n<ul>\n<li><strong>Deber.<\/strong> En primer lugar, el demandante debe demostrar que el demandado ten\u00eda un deber de diligencia para con el demandante. Por ejemplo, un conductor suele tener la obligaci\u00f3n legal de no provocar un accidente con otro automovilista.<\/li>\n<li><strong>Infracci\u00f3n.<\/strong> A continuaci\u00f3n, el demandante tiene que demostrar c\u00f3mo incumpli\u00f3 el demandado este deber de diligencia. En la mayor\u00eda de los casos, el incumplimiento del deber es una acci\u00f3n espec\u00edfica, pero tambi\u00e9n puede aplicarse a una omisi\u00f3n cuando otra persona razonable en la misma situaci\u00f3n probablemente habr\u00eda tomado las medidas adecuadas.<\/li>\n<li><strong>Da\u00f1os y perjuicios.<\/strong> El demandante s\u00f3lo puede presentar una demanda si las acciones del demandado le ocasionaron alg\u00fan tipo de p\u00e9rdida tangible o mensurable. Aunque el demandado haya sido negligente, si el demandante no ha sufrido ning\u00fan da\u00f1o real o p\u00e9rdida econ\u00f3mica, no hay motivos para presentar una demanda por lesiones personales.<\/li>\n<li><strong>Causalidad.<\/strong> Una vez que el demandante prueba el alcance de sus da\u00f1os, debe demostrar que \u00e9stos son consecuencia directa de la negligencia del demandado o que no se habr\u00edan producido de no ser por la negligencia de \u00e9ste.<\/li>\n<\/ul>\n<p>El adulto estadounidense medio tendr\u00e1 muchos deberes de cuidado a lo largo de su vida. Por ejemplo, los conductores tienen el deber para con los dem\u00e1s conductores de obedecer las leyes de tr\u00e1fico y evitar el exceso de velocidad. Los profesionales de la medicina tienen el deber de evitar da\u00f1os a sus pacientes. Los profesores y los cuidadores de ni\u00f1os tienen el deber de supervisar y cuidar responsablemente a los ni\u00f1os de los que son responsables.<\/p>\n<h2>Da\u00f1os e indemnizaciones<\/h2>\n<p>Un demandante en una demanda por lesiones personales que demuestre con \u00e9xito que un demandado fue negligente puede obtener una indemnizaci\u00f3n por todas las p\u00e9rdidas resultantes de la negligencia del demandado. Esto puede incluir gastos m\u00e9dicos, salarios perdidos, dolor y sufrimiento, da\u00f1os a la propiedad, y posiblemente da\u00f1os punitivos y honorarios de abogados, as\u00ed, si el comportamiento de un acusado fue una negligencia grave o mostr\u00f3 una indiferencia temeraria por la seguridad de los dem\u00e1s.<\/p>\n<h2>P\u00f3ngase en contacto con nosotros<\/h2>\n<div id=\"attachment_1086\" style=\"width: 265px\" class=\"wp-caption alignright\"><img loading=\"lazy\" decoding=\"async\" aria-describedby=\"caption-attachment-1086\" class=\"wp-image-1086 size-medium\" src=\"https:\/\/varnerinjuryadvocates.com\/wp-content\/uploads\/2018\/10\/att_lauren-255x300.jpg\" alt=\"Lauren Varner Denver Abogado de Lesiones Personales\" width=\"255\" height=\"300\" srcset=\"https:\/\/varnerinjuryadvocates.com\/wp-content\/uploads\/2018\/10\/att_lauren-255x300.jpg 255w, https:\/\/varnerinjuryadvocates.com\/wp-content\/uploads\/2018\/10\/att_lauren.jpg 620w\" sizes=\"auto, (max-width: 255px) 100vw, 255px\" \/><p id=\"caption-attachment-1086\" class=\"wp-caption-text\">Abogado de Negligencia en Denver, <a href=\"\/es\/nuestro-equipo\/lauren-varner\/\">Lauren Varner<\/a><\/p><\/div>\n<p>Las personas de Denver con demandas por lesiones personales debido a negligencia general necesitan abogados con experiencia para manejar sus reclamos y guiarlos hacia resultados satisfactorios. Los abogados de Varner Injury Advocates, LLC han ayudado a cientos de clientes a obtener compensaci\u00f3n por sus da\u00f1os resultantes de la negligencia de otros, y podemos ayudar con su caso tambi\u00e9n. <a href=\"\/es\/contacto\/\">Programe hoy mismo una consulta gratuita<\/a>\u00a0con uno de nuestros abogados de lesiones. Una vez que revisemos los detalles de su reclamo podemos ayudarle a determinar los mejores pasos a seguir.<\/p>\n<h3>Oficina<\/h3>\n<p>Calle Quebec Sur 6025<br \/>\nSuite 100<br \/>\nCentennial, CO 80111<br \/>\nTel\u00e9fono: <a href=\"tel: +1720-710-9073\">720-710-9073<\/a><\/p>\n<p><iframe loading=\"lazy\" style=\"border: 0;\" src=\"https:\/\/www.google.com\/maps\/embed?pb=!1m18!1m12!1m3!1d3073.887741927799!2d-104.9054209!3d39.6072112!2m3!1f0!2f0!3f0!3m2!1i1024!2i768!4f13.1!3m3!1m2!1s0x876c8692c9baaaab%3A0x1b81577a3860788c!2sVarner%20Faddis%20Elite%20Legal!5e0!3m2!1sen!2sus!4v1653688590810!5m2!1sen!2sus\" width=\"600\" height=\"450\" allowfullscreen=\"allowfullscreen\" data-mce-fragment=\"1\"><\/iframe><\/p>","protected":false},"excerpt":{"rendered":"<p>Abogado de negligencia en Denver, CO La ley de lesiones personales gira en torno al concepto legal de negligencia. Es importante para cualquier persona que experimenta una lesi\u00f3n personal de otra parte conocer la definici\u00f3n de negligencia general y c\u00f3mo se aplica a las acciones civiles. Un abogado de lesiones personales confiable y con experiencia puede ayudar a un<\/p>","protected":false},"author":15,"featured_media":0,"parent":0,"menu_order":0,"comment_status":"closed","ping_status":"closed","template":"","meta":{"_acf_changed":false,"footnotes":""},"class_list":["post-1220","page","type-page","status-publish","hentry"],"acf":[],"yoast_head":"<!-- This site is optimized with the Yoast SEO Premium plugin v21.4 (Yoast SEO v25.7) - https:\/\/yoast.com\/wordpress\/plugins\/seo\/ -->\n<title>Negligent Security Attorney | Law Firm in Denver | Varner Faddis Elite Legal<\/title>\n<meta name=\"description\" content=\"Were you injured in Denver due to someone else&#039;s negligence? Varner Faddis Elite Legal fights for you. Explore personal injury cases we handle. Contact us!\" \/>\n<meta name=\"robots\" content=\"index, follow, max-snippet:-1, max-image-preview:large, max-video-preview:-1\" \/>\n<link rel=\"canonical\" href=\"https:\/\/varnerinjuryadvocates.com\/es\/denver-abogados-de-negligencia-general\/\" \/>\n<meta property=\"og:locale\" content=\"es_MX\" \/>\n<meta property=\"og:type\" content=\"article\" \/>\n<meta property=\"og:title\" content=\"Denver General Negligence Lawyers\" \/>\n<meta property=\"og:description\" content=\"Were you injured in Denver due to someone else&#039;s negligence? Varner Faddis Elite Legal fights for you. Explore personal injury cases we handle. Contact us!\" \/>\n<meta property=\"og:url\" content=\"https:\/\/varnerinjuryadvocates.com\/es\/denver-abogados-de-negligencia-general\/\" \/>\n<meta property=\"og:site_name\" content=\"Varner Elite Legal\" \/>\n<meta property=\"article:publisher\" content=\"https:\/\/www.facebook.com\/VFELcolorado\/\" \/>\n<meta property=\"article:modified_time\" content=\"2024-07-08T22:38:02+00:00\" \/>\n<meta property=\"og:image\" content=\"https:\/\/varnerinjuryadvocates.com\/wp-content\/uploads\/2018\/10\/NTL-top-40-40-member.png\" \/>\n<meta name=\"twitter:card\" content=\"summary_large_image\" \/>\n<meta name=\"twitter:label1\" content=\"Tiempo de lectura\" \/>\n\t<meta name=\"twitter:data1\" content=\"4 minutos\" \/>\n<script type=\"application\/ld+json\" class=\"yoast-schema-graph\">{\"@context\":\"https:\/\/schema.org\",\"@graph\":[{\"@type\":\"WebPage\",\"@id\":\"https:\/\/varnerinjuryadvocates.com\/denver-general-negligence-lawyers\/\",\"url\":\"https:\/\/varnerinjuryadvocates.com\/denver-general-negligence-lawyers\/\",\"name\":\"Negligent Security Attorney | Law Firm in Denver | Varner Faddis Elite Legal\",\"isPartOf\":{\"@id\":\"https:\/\/varnerinjuryadvocates.com\/#website\"},\"primaryImageOfPage\":{\"@id\":\"https:\/\/varnerinjuryadvocates.com\/denver-general-negligence-lawyers\/#primaryimage\"},\"image\":{\"@id\":\"https:\/\/varnerinjuryadvocates.com\/denver-general-negligence-lawyers\/#primaryimage\"},\"thumbnailUrl\":\"https:\/\/varnerinjuryadvocates.com\/wp-content\/uploads\/2018\/10\/NTL-top-40-40-member.png\",\"datePublished\":\"2018-11-18T09:25:14+00:00\",\"dateModified\":\"2024-07-08T22:38:02+00:00\",\"description\":\"Were you injured in Denver due to someone else's negligence? Varner Faddis Elite Legal fights for you. Explore personal injury cases we handle. Contact us!\",\"breadcrumb\":{\"@id\":\"https:\/\/varnerinjuryadvocates.com\/denver-general-negligence-lawyers\/#breadcrumb\"},\"inLanguage\":\"es\",\"potentialAction\":[{\"@type\":\"ReadAction\",\"target\":[\"https:\/\/varnerinjuryadvocates.com\/denver-general-negligence-lawyers\/\"]}]},{\"@type\":\"ImageObject\",\"inLanguage\":\"es\",\"@id\":\"https:\/\/varnerinjuryadvocates.com\/denver-general-negligence-lawyers\/#primaryimage\",\"url\":\"https:\/\/varnerinjuryadvocates.com\/wp-content\/uploads\/2018\/10\/NTL-top-40-40-member.png\",\"contentUrl\":\"https:\/\/varnerinjuryadvocates.com\/wp-content\/uploads\/2018\/10\/NTL-top-40-40-member.png\"},{\"@type\":\"BreadcrumbList\",\"@id\":\"https:\/\/varnerinjuryadvocates.com\/denver-general-negligence-lawyers\/#breadcrumb\",\"itemListElement\":[{\"@type\":\"ListItem\",\"position\":1,\"name\":\"Home\",\"item\":\"https:\/\/varnerinjuryadvocates.com\/\"},{\"@type\":\"ListItem\",\"position\":2,\"name\":\"Denver General Negligence Lawyers\"}]},{\"@type\":\"WebSite\",\"@id\":\"https:\/\/varnerinjuryadvocates.com\/#website\",\"url\":\"https:\/\/varnerinjuryadvocates.com\/\",\"name\":\"Varner Elite Legal\",\"description\":\"A New Kind Of Personal Injury Law Firm\",\"publisher\":{\"@id\":\"https:\/\/varnerinjuryadvocates.com\/#organization\"},\"potentialAction\":[{\"@type\":\"SearchAction\",\"target\":{\"@type\":\"EntryPoint\",\"urlTemplate\":\"https:\/\/varnerinjuryadvocates.com\/?s={search_term_string}\"},\"query-input\":{\"@type\":\"PropertyValueSpecification\",\"valueRequired\":true,\"valueName\":\"search_term_string\"}}],\"inLanguage\":\"es\"},{\"@type\":\"Organization\",\"@id\":\"https:\/\/varnerinjuryadvocates.com\/#organization\",\"name\":\"Varner Faddis Elite Legal, PLLC\",\"url\":\"https:\/\/varnerinjuryadvocates.com\/\",\"logo\":{\"@type\":\"ImageObject\",\"inLanguage\":\"es\",\"@id\":\"https:\/\/varnerinjuryadvocates.com\/#\/schema\/logo\/image\/\",\"url\":\"https:\/\/varnerinjuryadvocates.com\/wp-content\/uploads\/2020\/09\/VarnerFaddis-MainLogo-Black-Web.jpg\",\"contentUrl\":\"https:\/\/varnerinjuryadvocates.com\/wp-content\/uploads\/2020\/09\/VarnerFaddis-MainLogo-Black-Web.jpg\",\"width\":2000,\"height\":1456,\"caption\":\"Varner Faddis Elite Legal, PLLC\"},\"image\":{\"@id\":\"https:\/\/varnerinjuryadvocates.com\/#\/schema\/logo\/image\/\"},\"sameAs\":[\"https:\/\/www.facebook.com\/VFELcolorado\/\",\"https:\/\/www.instagram.com\/varnerfaddis\/\"]}]}<\/script>\n<!-- \/ Yoast SEO Premium plugin. -->","yoast_head_json":{"title":"Abogado de Negligencia de Seguridad | Bufete de Abogados en Denver | Varner Faddis Elite Legal","description":"\u00bfSe lesion\u00f3 en Denver debido a la negligencia de otra persona? Varner Faddis Elite Legal lucha por usted. Explore los casos de lesiones personales que manejamos. Cont\u00e1ctenos.","robots":{"index":"index","follow":"follow","max-snippet":"max-snippet:-1","max-image-preview":"max-image-preview:large","max-video-preview":"max-video-preview:-1"},"canonical":"https:\/\/varnerinjuryadvocates.com\/es\/denver-abogados-de-negligencia-general\/","og_locale":"es_MX","og_type":"article","og_title":"Denver General Negligence Lawyers","og_description":"Were you injured in Denver due to someone else's negligence? Varner Faddis Elite Legal fights for you. Explore personal injury cases we handle. Contact us!","og_url":"https:\/\/varnerinjuryadvocates.com\/es\/denver-abogados-de-negligencia-general\/","og_site_name":"Varner Elite Legal","article_publisher":"https:\/\/www.facebook.com\/VFELcolorado\/","article_modified_time":"2024-07-08T22:38:02+00:00","og_image":[{"url":"https:\/\/varnerinjuryadvocates.com\/wp-content\/uploads\/2018\/10\/NTL-top-40-40-member.png","type":"","width":"","height":""}],"twitter_card":"summary_large_image","twitter_misc":{"Tiempo de lectura":"4 minutos"},"schema":{"@context":"https:\/\/schema.org","@graph":[{"@type":"WebPage","@id":"https:\/\/varnerinjuryadvocates.com\/denver-general-negligence-lawyers\/","url":"https:\/\/varnerinjuryadvocates.com\/denver-general-negligence-lawyers\/","name":"Abogado de Negligencia de Seguridad | Bufete de Abogados en Denver | Varner Faddis Elite Legal","isPartOf":{"@id":"https:\/\/varnerinjuryadvocates.com\/#website"},"primaryImageOfPage":{"@id":"https:\/\/varnerinjuryadvocates.com\/denver-general-negligence-lawyers\/#primaryimage"},"image":{"@id":"https:\/\/varnerinjuryadvocates.com\/denver-general-negligence-lawyers\/#primaryimage"},"thumbnailUrl":"https:\/\/varnerinjuryadvocates.com\/wp-content\/uploads\/2018\/10\/NTL-top-40-40-member.png","datePublished":"2018-11-18T09:25:14+00:00","dateModified":"2024-07-08T22:38:02+00:00","description":"\u00bfSe lesion\u00f3 en Denver debido a la negligencia de otra persona? Varner Faddis Elite Legal lucha por usted. Explore los casos de lesiones personales que manejamos. Cont\u00e1ctenos.","breadcrumb":{"@id":"https:\/\/varnerinjuryadvocates.com\/denver-general-negligence-lawyers\/#breadcrumb"},"inLanguage":"es","potentialAction":[{"@type":"ReadAction","target":["https:\/\/varnerinjuryadvocates.com\/denver-general-negligence-lawyers\/"]}]},{"@type":"ImageObject","inLanguage":"es","@id":"https:\/\/varnerinjuryadvocates.com\/denver-general-negligence-lawyers\/#primaryimage","url":"https:\/\/varnerinjuryadvocates.com\/wp-content\/uploads\/2018\/10\/NTL-top-40-40-member.png","contentUrl":"https:\/\/varnerinjuryadvocates.com\/wp-content\/uploads\/2018\/10\/NTL-top-40-40-member.png"},{"@type":"BreadcrumbList","@id":"https:\/\/varnerinjuryadvocates.com\/denver-general-negligence-lawyers\/#breadcrumb","itemListElement":[{"@type":"ListItem","position":1,"name":"Home","item":"https:\/\/varnerinjuryadvocates.com\/"},{"@type":"ListItem","position":2,"name":"Denver General Negligence Lawyers"}]},{"@type":"WebSite","@id":"https:\/\/varnerinjuryadvocates.com\/#website","url":"https:\/\/varnerinjuryadvocates.com\/","name":"Varner Elite Legal","description":"Un nuevo tipo de bufete de abogados especializados en lesiones personales","publisher":{"@id":"https:\/\/varnerinjuryadvocates.com\/#organization"},"potentialAction":[{"@type":"SearchAction","target":{"@type":"EntryPoint","urlTemplate":"https:\/\/varnerinjuryadvocates.com\/?s={search_term_string}"},"query-input":{"@type":"PropertyValueSpecification","valueRequired":true,"valueName":"search_term_string"}}],"inLanguage":"es"},{"@type":"Organization","@id":"https:\/\/varnerinjuryadvocates.com\/#organization","name":"Varner Faddis Elite Legal, PLLC","url":"https:\/\/varnerinjuryadvocates.com\/","logo":{"@type":"ImageObject","inLanguage":"es","@id":"https:\/\/varnerinjuryadvocates.com\/#\/schema\/logo\/image\/","url":"https:\/\/varnerinjuryadvocates.com\/wp-content\/uploads\/2020\/09\/VarnerFaddis-MainLogo-Black-Web.jpg","contentUrl":"https:\/\/varnerinjuryadvocates.com\/wp-content\/uploads\/2020\/09\/VarnerFaddis-MainLogo-Black-Web.jpg","width":2000,"height":1456,"caption":"Varner Faddis Elite Legal, PLLC"},"image":{"@id":"https:\/\/varnerinjuryadvocates.com\/#\/schema\/logo\/image\/"},"sameAs":["https:\/\/www.facebook.com\/VFELcolorado\/","https:\/\/www.instagram.com\/varnerfaddis\/"]}]}},"_links":{"self":[{"href":"https:\/\/varnerinjuryadvocates.com\/es\/wp-json\/wp\/v2\/pages\/1220","targetHints":{"allow":["GET"]}}],"collection":[{"href":"https:\/\/varnerinjuryadvocates.com\/es\/wp-json\/wp\/v2\/pages"}],"about":[{"href":"https:\/\/varnerinjuryadvocates.com\/es\/wp-json\/wp\/v2\/types\/page"}],"author":[{"embeddable":true,"href":"https:\/\/varnerinjuryadvocates.com\/es\/wp-json\/wp\/v2\/users\/15"}],"replies":[{"embeddable":true,"href":"https:\/\/varnerinjuryadvocates.com\/es\/wp-json\/wp\/v2\/comments?post=1220"}],"version-history":[{"count":0,"href":"https:\/\/varnerinjuryadvocates.com\/es\/wp-json\/wp\/v2\/pages\/1220\/revisions"}],"wp:attachment":[{"href":"https:\/\/varnerinjuryadvocates.com\/es\/wp-json\/wp\/v2\/media?parent=1220"}],"curies":[{"name":"wp","href":"https:\/\/api.w.org\/{rel}","templated":true}]}}