{"id":1596,"date":"2021-02-01T11:46:02","date_gmt":"2021-02-01T18:46:02","guid":{"rendered":"https:\/\/varnerfaddis.wpengine.com\/?page_id=1596"},"modified":"2025-02-18T07:39:23","modified_gmt":"2025-02-18T14:39:23","slug":"heather-hackett","status":"publish","type":"page","link":"https:\/\/varnerinjuryadvocates.com\/es\/nuestro-equipo\/heather-hackett\/","title":{"rendered":"Heather Hackett Abogada"},"content":{"rendered":"<p>Heather E. Hackett es una abogada de lesiones personales en Varner Injury Advocates en Centennial Colorado. La Sra. Hackett tiene experiencia en asuntos de lesiones personales que involucran accidentes automovil\u00edsticos, reclamaciones de seguros de mala fe, defectos de construcci\u00f3n, disputas de seguros, accidentes de motocicleta y accidentes de camiones. Ella representa a clientes en todo Colorado.<\/p>\n<p>La Sra. Hackett, que ha ejercido la abogac\u00eda durante m\u00e1s de 15 a\u00f1os, cuenta con una considerable experiencia en litigios. Antes de incorporarse a Varner Faddis, trabaj\u00f3 durante cuatro a\u00f1os en un bufete privado de Pittsburgh, Pennsylvania, centrando su pr\u00e1ctica en litigios empresariales y casos de cobertura de seguros. Durante ese tiempo en el bufete, ayud\u00f3 a redactar la Ley Internacional de Reducci\u00f3n del Blanqueo de Capitales y de Lucha contra la Financiaci\u00f3n del Terrorismo de 2001, que apareci\u00f3 en la revista paBanker Magazine.<\/p>\n<p>La Sra. Hackett se licenci\u00f3 con honores en Ciencias Pol\u00edticas por la Universidad de Montana. Se licenci\u00f3 en Derecho por la Facultad de Derecho de la Universidad Duquesne, donde obtuvo la calificaci\u00f3n cum laude. Mientras cursaba sus estudios de Derecho, form\u00f3 parte de la revista jur\u00eddica y adquiri\u00f3 experiencia jur\u00eddica pr\u00e1ctica trabajando para la unidad de delitos de cuello blanco de la Fiscal\u00eda del Distrito Oeste de Pensilvania.<\/p>\n<p>Habilitada para comparecer ante todos los tribunales estatales de Colorado, la Sra. Hackett tambi\u00e9n puede ejercer ante el Tribunal de Distrito de EE.UU. para el Distrito de Colorado. Ella sigue manteniendo su licencia para ejercer la abogac\u00eda ante todos los tribunales estatales de Pennsylvania y el Tribunal de Distrito de EE.UU. para el Distrito Oeste de Pennsylvania.<\/p>\n<p>Fuera de su pr\u00e1ctica jur\u00eddica, la Sra. Hackett se esfuerza por mantenerse activa dentro de la comunidad legal de Colorado. Es miembro del Colegio de Abogados de Denver y del Colegio de Abogados de Colorado.<\/p>","protected":false},"excerpt":{"rendered":"<p>Heather E. Hackett is a personal injury attorney at Varner Injury Advocates in Centennial Colorado. Ms. Hackett has experience with personal injury matters involving car accidents, bad faith insurance claims, construction defects, insurance disputes, motorcycle accidents and truck accidents. She represents clients throughout Colorado. Practicing law for over 15 years, Ms. Hackett<\/p>","protected":false},"author":13,"featured_media":0,"parent":644,"menu_order":0,"comment_status":"closed","ping_status":"closed","template":"page-attorney.php","meta":{"_acf_changed":false,"footnotes":""},"class_list":["post-1596","page","type-page","status-publish","hentry"],"acf":[],"yoast_head":"<!-- This site is optimized with the Yoast SEO Premium plugin v21.4 (Yoast SEO v25.7) - https:\/\/yoast.com\/wordpress\/plugins\/seo\/ -->\n<title>Heather Hackett Attorney | Law Firm in Denver | Varner Faddis Elite Legal<\/title>\n<meta name=\"description\" content=\"Heather Hackett is a personal injury attorney with 15 years of experience. She represents clients in a variety of personal injury cases. Contact us today!\" \/>\n<meta name=\"robots\" content=\"index, follow, max-snippet:-1, max-image-preview:large, max-video-preview:-1\" \/>\n<link rel=\"canonical\" href=\"https:\/\/varnerinjuryadvocates.com\/es\/nuestro-equipo\/heather-hackett\/\" \/>\n<meta property=\"og:locale\" content=\"es_MX\" \/>\n<meta property=\"og:type\" content=\"article\" \/>\n<meta property=\"og:title\" content=\"Heather Hackett Attorney\" \/>\n<meta property=\"og:description\" content=\"Heather Hackett is a personal injury attorney with 15 years of experience. She represents clients in a variety of personal injury cases. Contact us today!\" \/>\n<meta property=\"og:url\" content=\"https:\/\/varnerinjuryadvocates.com\/es\/nuestro-equipo\/heather-hackett\/\" \/>\n<meta property=\"og:site_name\" content=\"Varner Elite Legal\" \/>\n<meta property=\"article:publisher\" content=\"https:\/\/www.facebook.com\/VFELcolorado\/\" \/>\n<meta property=\"article:modified_time\" content=\"2025-02-18T14:39:23+00:00\" \/>\n<meta name=\"twitter:card\" content=\"summary_large_image\" \/>\n<meta name=\"twitter:label1\" content=\"Tiempo de lectura\" \/>\n\t<meta name=\"twitter:data1\" content=\"2 minutos\" \/>\n<script type=\"application\/ld+json\" class=\"yoast-schema-graph\">{\"@context\":\"https:\/\/schema.org\",\"@graph\":[{\"@type\":\"WebPage\",\"@id\":\"https:\/\/varnerinjuryadvocates.com\/our-team\/heather-hackett\/\",\"url\":\"https:\/\/varnerinjuryadvocates.com\/our-team\/heather-hackett\/\",\"name\":\"Heather Hackett Attorney | Law Firm in Denver | Varner Faddis Elite Legal\",\"isPartOf\":{\"@id\":\"https:\/\/varnerinjuryadvocates.com\/#website\"},\"datePublished\":\"2021-02-01T18:46:02+00:00\",\"dateModified\":\"2025-02-18T14:39:23+00:00\",\"description\":\"Heather Hackett is a personal injury attorney with 15 years of experience. She represents clients in a variety of personal injury cases. Contact us today!\",\"breadcrumb\":{\"@id\":\"https:\/\/varnerinjuryadvocates.com\/our-team\/heather-hackett\/#breadcrumb\"},\"inLanguage\":\"es\",\"potentialAction\":[{\"@type\":\"ReadAction\",\"target\":[\"https:\/\/varnerinjuryadvocates.com\/our-team\/heather-hackett\/\"]}]},{\"@type\":\"BreadcrumbList\",\"@id\":\"https:\/\/varnerinjuryadvocates.com\/our-team\/heather-hackett\/#breadcrumb\",\"itemListElement\":[{\"@type\":\"ListItem\",\"position\":1,\"name\":\"Home\",\"item\":\"https:\/\/varnerinjuryadvocates.com\/\"},{\"@type\":\"ListItem\",\"position\":2,\"name\":\"Our Firm\",\"item\":\"https:\/\/varnerinjuryadvocates.com\/our-team\/\"},{\"@type\":\"ListItem\",\"position\":3,\"name\":\"Heather Hackett Attorney\"}]},{\"@type\":\"WebSite\",\"@id\":\"https:\/\/varnerinjuryadvocates.com\/#website\",\"url\":\"https:\/\/varnerinjuryadvocates.com\/\",\"name\":\"Varner Elite Legal\",\"description\":\"A New Kind Of Personal Injury Law Firm\",\"publisher\":{\"@id\":\"https:\/\/varnerinjuryadvocates.com\/#organization\"},\"potentialAction\":[{\"@type\":\"SearchAction\",\"target\":{\"@type\":\"EntryPoint\",\"urlTemplate\":\"https:\/\/varnerinjuryadvocates.com\/?s={search_term_string}\"},\"query-input\":{\"@type\":\"PropertyValueSpecification\",\"valueRequired\":true,\"valueName\":\"search_term_string\"}}],\"inLanguage\":\"es\"},{\"@type\":\"Organization\",\"@id\":\"https:\/\/varnerinjuryadvocates.com\/#organization\",\"name\":\"Varner Faddis Elite Legal, PLLC\",\"url\":\"https:\/\/varnerinjuryadvocates.com\/\",\"logo\":{\"@type\":\"ImageObject\",\"inLanguage\":\"es\",\"@id\":\"https:\/\/varnerinjuryadvocates.com\/#\/schema\/logo\/image\/\",\"url\":\"https:\/\/varnerinjuryadvocates.com\/wp-content\/uploads\/2020\/09\/VarnerFaddis-MainLogo-Black-Web.jpg\",\"contentUrl\":\"https:\/\/varnerinjuryadvocates.com\/wp-content\/uploads\/2020\/09\/VarnerFaddis-MainLogo-Black-Web.jpg\",\"width\":2000,\"height\":1456,\"caption\":\"Varner Faddis Elite Legal, PLLC\"},\"image\":{\"@id\":\"https:\/\/varnerinjuryadvocates.com\/#\/schema\/logo\/image\/\"},\"sameAs\":[\"https:\/\/www.facebook.com\/VFELcolorado\/\",\"https:\/\/www.instagram.com\/varnerfaddis\/\"]}]}<\/script>\n<!-- \/ Yoast SEO Premium plugin. -->","yoast_head_json":{"title":"Heather Hackett Abogada | Bufete en Denver | Varner Faddis Elite Legal","description":"Heather Hackett es un abogado de lesiones personales con 15 a\u00f1os de experiencia. Ella representa a clientes en una variedad de casos de lesiones personales. \u00a1P\u00f3ngase en contacto con nosotros hoy!","robots":{"index":"index","follow":"follow","max-snippet":"max-snippet:-1","max-image-preview":"max-image-preview:large","max-video-preview":"max-video-preview:-1"},"canonical":"https:\/\/varnerinjuryadvocates.com\/es\/nuestro-equipo\/heather-hackett\/","og_locale":"es_MX","og_type":"article","og_title":"Heather Hackett Attorney","og_description":"Heather Hackett is a personal injury attorney with 15 years of experience. She represents clients in a variety of personal injury cases. Contact us today!","og_url":"https:\/\/varnerinjuryadvocates.com\/es\/nuestro-equipo\/heather-hackett\/","og_site_name":"Varner Elite Legal","article_publisher":"https:\/\/www.facebook.com\/VFELcolorado\/","article_modified_time":"2025-02-18T14:39:23+00:00","twitter_card":"summary_large_image","twitter_misc":{"Tiempo de lectura":"2 minutos"},"schema":{"@context":"https:\/\/schema.org","@graph":[{"@type":"WebPage","@id":"https:\/\/varnerinjuryadvocates.com\/our-team\/heather-hackett\/","url":"https:\/\/varnerinjuryadvocates.com\/our-team\/heather-hackett\/","name":"Heather Hackett Abogada | Bufete en Denver | Varner Faddis Elite Legal","isPartOf":{"@id":"https:\/\/varnerinjuryadvocates.com\/#website"},"datePublished":"2021-02-01T18:46:02+00:00","dateModified":"2025-02-18T14:39:23+00:00","description":"Heather Hackett es un abogado de lesiones personales con 15 a\u00f1os de experiencia. Ella representa a clientes en una variedad de casos de lesiones personales. \u00a1P\u00f3ngase en contacto con nosotros hoy!","breadcrumb":{"@id":"https:\/\/varnerinjuryadvocates.com\/our-team\/heather-hackett\/#breadcrumb"},"inLanguage":"es","potentialAction":[{"@type":"ReadAction","target":["https:\/\/varnerinjuryadvocates.com\/our-team\/heather-hackett\/"]}]},{"@type":"BreadcrumbList","@id":"https:\/\/varnerinjuryadvocates.com\/our-team\/heather-hackett\/#breadcrumb","itemListElement":[{"@type":"ListItem","position":1,"name":"Home","item":"https:\/\/varnerinjuryadvocates.com\/"},{"@type":"ListItem","position":2,"name":"Our Firm","item":"https:\/\/varnerinjuryadvocates.com\/our-team\/"},{"@type":"ListItem","position":3,"name":"Heather Hackett Attorney"}]},{"@type":"WebSite","@id":"https:\/\/varnerinjuryadvocates.com\/#website","url":"https:\/\/varnerinjuryadvocates.com\/","name":"Varner Elite Legal","description":"Un nuevo tipo de bufete de abogados especializados en lesiones personales","publisher":{"@id":"https:\/\/varnerinjuryadvocates.com\/#organization"},"potentialAction":[{"@type":"SearchAction","target":{"@type":"EntryPoint","urlTemplate":"https:\/\/varnerinjuryadvocates.com\/?s={search_term_string}"},"query-input":{"@type":"PropertyValueSpecification","valueRequired":true,"valueName":"search_term_string"}}],"inLanguage":"es"},{"@type":"Organization","@id":"https:\/\/varnerinjuryadvocates.com\/#organization","name":"Varner Faddis Elite Legal, PLLC","url":"https:\/\/varnerinjuryadvocates.com\/","logo":{"@type":"ImageObject","inLanguage":"es","@id":"https:\/\/varnerinjuryadvocates.com\/#\/schema\/logo\/image\/","url":"https:\/\/varnerinjuryadvocates.com\/wp-content\/uploads\/2020\/09\/VarnerFaddis-MainLogo-Black-Web.jpg","contentUrl":"https:\/\/varnerinjuryadvocates.com\/wp-content\/uploads\/2020\/09\/VarnerFaddis-MainLogo-Black-Web.jpg","width":2000,"height":1456,"caption":"Varner Faddis Elite Legal, PLLC"},"image":{"@id":"https:\/\/varnerinjuryadvocates.com\/#\/schema\/logo\/image\/"},"sameAs":["https:\/\/www.facebook.com\/VFELcolorado\/","https:\/\/www.instagram.com\/varnerfaddis\/"]}]}},"_links":{"self":[{"href":"https:\/\/varnerinjuryadvocates.com\/es\/wp-json\/wp\/v2\/pages\/1596","targetHints":{"allow":["GET"]}}],"collection":[{"href":"https:\/\/varnerinjuryadvocates.com\/es\/wp-json\/wp\/v2\/pages"}],"about":[{"href":"https:\/\/varnerinjuryadvocates.com\/es\/wp-json\/wp\/v2\/types\/page"}],"author":[{"embeddable":true,"href":"https:\/\/varnerinjuryadvocates.com\/es\/wp-json\/wp\/v2\/users\/13"}],"replies":[{"embeddable":true,"href":"https:\/\/varnerinjuryadvocates.com\/es\/wp-json\/wp\/v2\/comments?post=1596"}],"version-history":[{"count":0,"href":"https:\/\/varnerinjuryadvocates.com\/es\/wp-json\/wp\/v2\/pages\/1596\/revisions"}],"up":[{"embeddable":true,"href":"https:\/\/varnerinjuryadvocates.com\/es\/wp-json\/wp\/v2\/pages\/644"}],"wp:attachment":[{"href":"https:\/\/varnerinjuryadvocates.com\/es\/wp-json\/wp\/v2\/media?parent=1596"}],"curies":[{"name":"wp","href":"https:\/\/api.w.org\/{rel}","templated":true}]}}