{"id":1771,"date":"2022-02-03T10:38:41","date_gmt":"2022-02-03T17:38:41","guid":{"rendered":"https:\/\/varnerfaddis.wpengine.com\/?page_id=1771"},"modified":"2026-01-22T10:25:04","modified_gmt":"2026-01-22T17:25:04","slug":"iliana-meza","status":"publish","type":"page","link":"https:\/\/varnerinjuryadvocates.com\/es\/nuestro-equipo\/iliana-meza\/","title":{"rendered":"Iliana Meza"},"content":{"rendered":"<p>Iliana aporta 9 a\u00f1os de experiencia jur\u00eddica a <a href=\"https:\/\/varnerinjuryadvocates.com\/es\/\">Varner Injury Advocates<\/a>. Antes de unirse a la empresa, Iliana trabaj\u00f3 para una pr\u00e1ctica prominente de lesiones personales en Colorado, donde desarroll\u00f3 y perfeccion\u00f3 sus habilidades paralegales. Iliana tiene una licenciatura en Justicia Penal, habla espa\u00f1ol con fluidez, y tiene v\u00ednculos con la C\u00e1mara de Comercio Hispana de Denver, lo que la convierte en una excelente adici\u00f3n al equipo y la ampliaci\u00f3n de nuestra capacidad para servir a todas las poblaciones dentro de Colorado. Cuando no est\u00e1 en la oficina, a Iliana le gusta leer, montar en bicicleta y disfrutar de buenos tequilas.<\/p>","protected":false},"excerpt":{"rendered":"<p>Iliana brings 9 years of legal experience to Varner Injury Advocates. Before joining the firm, Iliana worked for a prominent personal injury practice in Colorado where she developed and refined her paralegal skills. Iliana holds a Bachelor\u2019s degree in Criminal Justice, is fluent in Spanish, and has ties to the Denver Hispanic<\/p>","protected":false},"author":13,"featured_media":0,"parent":644,"menu_order":0,"comment_status":"closed","ping_status":"closed","template":"page-attorney.php","meta":{"_acf_changed":false,"footnotes":""},"class_list":["post-1771","page","type-page","status-publish","hentry"],"acf":[],"yoast_head":"<!-- This site is optimized with the Yoast SEO Premium plugin v21.4 (Yoast SEO v25.7) - https:\/\/yoast.com\/wordpress\/plugins\/seo\/ -->\n<title>Iliana Meza | Dedicated Legal Professional | Varner Faddis Elite Legal<\/title>\n<meta name=\"description\" content=\"Learn about Iliana Meza at Varner Faddis Elite Legal. Discover her experience &amp; commitment to the Denver Hispanic Chamber of Commerce. Learn more!\" \/>\n<meta name=\"robots\" content=\"index, follow, max-snippet:-1, max-image-preview:large, max-video-preview:-1\" \/>\n<link rel=\"canonical\" href=\"https:\/\/varnerinjuryadvocates.com\/es\/nuestro-equipo\/iliana-meza\/\" \/>\n<meta property=\"og:locale\" content=\"es_MX\" \/>\n<meta property=\"og:type\" content=\"article\" \/>\n<meta property=\"og:title\" content=\"Iliana Meza\" \/>\n<meta property=\"og:description\" content=\"Learn about Iliana Meza at Varner Faddis Elite Legal. Discover her experience &amp; commitment to the Denver Hispanic Chamber of Commerce. Learn more!\" \/>\n<meta property=\"og:url\" content=\"https:\/\/varnerinjuryadvocates.com\/es\/nuestro-equipo\/iliana-meza\/\" \/>\n<meta property=\"og:site_name\" content=\"Varner Elite Legal\" \/>\n<meta property=\"article:publisher\" content=\"https:\/\/www.facebook.com\/VFELcolorado\/\" \/>\n<meta property=\"article:modified_time\" content=\"2026-01-22T17:25:04+00:00\" \/>\n<meta name=\"twitter:card\" content=\"summary_large_image\" \/>\n<meta name=\"twitter:label1\" content=\"Tiempo de lectura\" \/>\n\t<meta name=\"twitter:data1\" content=\"1 minuto\" \/>\n<script type=\"application\/ld+json\" class=\"yoast-schema-graph\">{\"@context\":\"https:\/\/schema.org\",\"@graph\":[{\"@type\":\"WebPage\",\"@id\":\"https:\/\/varnerinjuryadvocates.com\/our-team\/iliana-meza\/\",\"url\":\"https:\/\/varnerinjuryadvocates.com\/our-team\/iliana-meza\/\",\"name\":\"Iliana Meza | Dedicated Legal Professional | Varner Faddis Elite Legal\",\"isPartOf\":{\"@id\":\"https:\/\/varnerinjuryadvocates.com\/#website\"},\"datePublished\":\"2022-02-03T17:38:41+00:00\",\"dateModified\":\"2026-01-22T17:25:04+00:00\",\"description\":\"Learn about Iliana Meza at Varner Faddis Elite Legal. Discover her experience & commitment to the Denver Hispanic Chamber of Commerce. Learn more!\",\"breadcrumb\":{\"@id\":\"https:\/\/varnerinjuryadvocates.com\/our-team\/iliana-meza\/#breadcrumb\"},\"inLanguage\":\"es\",\"potentialAction\":[{\"@type\":\"ReadAction\",\"target\":[\"https:\/\/varnerinjuryadvocates.com\/our-team\/iliana-meza\/\"]}]},{\"@type\":\"BreadcrumbList\",\"@id\":\"https:\/\/varnerinjuryadvocates.com\/our-team\/iliana-meza\/#breadcrumb\",\"itemListElement\":[{\"@type\":\"ListItem\",\"position\":1,\"name\":\"Home\",\"item\":\"https:\/\/varnerinjuryadvocates.com\/\"},{\"@type\":\"ListItem\",\"position\":2,\"name\":\"Our Firm\",\"item\":\"https:\/\/varnerinjuryadvocates.com\/our-team\/\"},{\"@type\":\"ListItem\",\"position\":3,\"name\":\"Iliana Meza\"}]},{\"@type\":\"WebSite\",\"@id\":\"https:\/\/varnerinjuryadvocates.com\/#website\",\"url\":\"https:\/\/varnerinjuryadvocates.com\/\",\"name\":\"Varner Elite Legal\",\"description\":\"A New Kind Of Personal Injury Law Firm\",\"publisher\":{\"@id\":\"https:\/\/varnerinjuryadvocates.com\/#organization\"},\"potentialAction\":[{\"@type\":\"SearchAction\",\"target\":{\"@type\":\"EntryPoint\",\"urlTemplate\":\"https:\/\/varnerinjuryadvocates.com\/?s={search_term_string}\"},\"query-input\":{\"@type\":\"PropertyValueSpecification\",\"valueRequired\":true,\"valueName\":\"search_term_string\"}}],\"inLanguage\":\"es\"},{\"@type\":\"Organization\",\"@id\":\"https:\/\/varnerinjuryadvocates.com\/#organization\",\"name\":\"Varner Faddis Elite Legal, PLLC\",\"url\":\"https:\/\/varnerinjuryadvocates.com\/\",\"logo\":{\"@type\":\"ImageObject\",\"inLanguage\":\"es\",\"@id\":\"https:\/\/varnerinjuryadvocates.com\/#\/schema\/logo\/image\/\",\"url\":\"https:\/\/varnerinjuryadvocates.com\/wp-content\/uploads\/2020\/09\/VarnerFaddis-MainLogo-Black-Web.jpg\",\"contentUrl\":\"https:\/\/varnerinjuryadvocates.com\/wp-content\/uploads\/2020\/09\/VarnerFaddis-MainLogo-Black-Web.jpg\",\"width\":2000,\"height\":1456,\"caption\":\"Varner Faddis Elite Legal, PLLC\"},\"image\":{\"@id\":\"https:\/\/varnerinjuryadvocates.com\/#\/schema\/logo\/image\/\"},\"sameAs\":[\"https:\/\/www.facebook.com\/VFELcolorado\/\",\"https:\/\/www.instagram.com\/varnerfaddis\/\"]}]}<\/script>\n<!-- \/ Yoast SEO Premium plugin. -->","yoast_head_json":{"title":"Iliana Meza | Profesional Legal Dedicado | Varner Faddis Elite Legal","description":"Conozca a Iliana Meza en Varner Faddis Elite Legal. Descubra su experiencia y compromiso con la C\u00e1mara de Comercio Hispana de Denver. Para saber m\u00e1s","robots":{"index":"index","follow":"follow","max-snippet":"max-snippet:-1","max-image-preview":"max-image-preview:large","max-video-preview":"max-video-preview:-1"},"canonical":"https:\/\/varnerinjuryadvocates.com\/es\/nuestro-equipo\/iliana-meza\/","og_locale":"es_MX","og_type":"article","og_title":"Iliana Meza","og_description":"Learn about Iliana Meza at Varner Faddis Elite Legal. Discover her experience & commitment to the Denver Hispanic Chamber of Commerce. Learn more!","og_url":"https:\/\/varnerinjuryadvocates.com\/es\/nuestro-equipo\/iliana-meza\/","og_site_name":"Varner Elite Legal","article_publisher":"https:\/\/www.facebook.com\/VFELcolorado\/","article_modified_time":"2026-01-22T17:25:04+00:00","twitter_card":"summary_large_image","twitter_misc":{"Tiempo de lectura":"1 minuto"},"schema":{"@context":"https:\/\/schema.org","@graph":[{"@type":"WebPage","@id":"https:\/\/varnerinjuryadvocates.com\/our-team\/iliana-meza\/","url":"https:\/\/varnerinjuryadvocates.com\/our-team\/iliana-meza\/","name":"Iliana Meza | Profesional Legal Dedicado | Varner Faddis Elite Legal","isPartOf":{"@id":"https:\/\/varnerinjuryadvocates.com\/#website"},"datePublished":"2022-02-03T17:38:41+00:00","dateModified":"2026-01-22T17:25:04+00:00","description":"Conozca a Iliana Meza en Varner Faddis Elite Legal. Descubra su experiencia y compromiso con la C\u00e1mara de Comercio Hispana de Denver. Para saber m\u00e1s","breadcrumb":{"@id":"https:\/\/varnerinjuryadvocates.com\/our-team\/iliana-meza\/#breadcrumb"},"inLanguage":"es","potentialAction":[{"@type":"ReadAction","target":["https:\/\/varnerinjuryadvocates.com\/our-team\/iliana-meza\/"]}]},{"@type":"BreadcrumbList","@id":"https:\/\/varnerinjuryadvocates.com\/our-team\/iliana-meza\/#breadcrumb","itemListElement":[{"@type":"ListItem","position":1,"name":"Home","item":"https:\/\/varnerinjuryadvocates.com\/"},{"@type":"ListItem","position":2,"name":"Our Firm","item":"https:\/\/varnerinjuryadvocates.com\/our-team\/"},{"@type":"ListItem","position":3,"name":"Iliana Meza"}]},{"@type":"WebSite","@id":"https:\/\/varnerinjuryadvocates.com\/#website","url":"https:\/\/varnerinjuryadvocates.com\/","name":"Varner Elite Legal","description":"Un nuevo tipo de bufete de abogados especializados en lesiones personales","publisher":{"@id":"https:\/\/varnerinjuryadvocates.com\/#organization"},"potentialAction":[{"@type":"SearchAction","target":{"@type":"EntryPoint","urlTemplate":"https:\/\/varnerinjuryadvocates.com\/?s={search_term_string}"},"query-input":{"@type":"PropertyValueSpecification","valueRequired":true,"valueName":"search_term_string"}}],"inLanguage":"es"},{"@type":"Organization","@id":"https:\/\/varnerinjuryadvocates.com\/#organization","name":"Varner Faddis Elite Legal, PLLC","url":"https:\/\/varnerinjuryadvocates.com\/","logo":{"@type":"ImageObject","inLanguage":"es","@id":"https:\/\/varnerinjuryadvocates.com\/#\/schema\/logo\/image\/","url":"https:\/\/varnerinjuryadvocates.com\/wp-content\/uploads\/2020\/09\/VarnerFaddis-MainLogo-Black-Web.jpg","contentUrl":"https:\/\/varnerinjuryadvocates.com\/wp-content\/uploads\/2020\/09\/VarnerFaddis-MainLogo-Black-Web.jpg","width":2000,"height":1456,"caption":"Varner Faddis Elite Legal, PLLC"},"image":{"@id":"https:\/\/varnerinjuryadvocates.com\/#\/schema\/logo\/image\/"},"sameAs":["https:\/\/www.facebook.com\/VFELcolorado\/","https:\/\/www.instagram.com\/varnerfaddis\/"]}]}},"_links":{"self":[{"href":"https:\/\/varnerinjuryadvocates.com\/es\/wp-json\/wp\/v2\/pages\/1771","targetHints":{"allow":["GET"]}}],"collection":[{"href":"https:\/\/varnerinjuryadvocates.com\/es\/wp-json\/wp\/v2\/pages"}],"about":[{"href":"https:\/\/varnerinjuryadvocates.com\/es\/wp-json\/wp\/v2\/types\/page"}],"author":[{"embeddable":true,"href":"https:\/\/varnerinjuryadvocates.com\/es\/wp-json\/wp\/v2\/users\/13"}],"replies":[{"embeddable":true,"href":"https:\/\/varnerinjuryadvocates.com\/es\/wp-json\/wp\/v2\/comments?post=1771"}],"version-history":[{"count":0,"href":"https:\/\/varnerinjuryadvocates.com\/es\/wp-json\/wp\/v2\/pages\/1771\/revisions"}],"up":[{"embeddable":true,"href":"https:\/\/varnerinjuryadvocates.com\/es\/wp-json\/wp\/v2\/pages\/644"}],"wp:attachment":[{"href":"https:\/\/varnerinjuryadvocates.com\/es\/wp-json\/wp\/v2\/media?parent=1771"}],"curies":[{"name":"wp","href":"https:\/\/api.w.org\/{rel}","templated":true}]}}