{"id":2646,"date":"2023-10-26T10:01:10","date_gmt":"2023-10-26T17:01:10","guid":{"rendered":"https:\/\/www.varnerfaddis.com\/?page_id=2646"},"modified":"2025-02-18T07:41:03","modified_gmt":"2025-02-18T14:41:03","slug":"ben-faddis","status":"publish","type":"page","link":"https:\/\/varnerinjuryadvocates.com\/es\/nuestro-equipo\/ben-faddis\/","title":{"rendered":" Faddis Director de Desarrollo Empresarial"},"content":{"rendered":"<p style=\"font-weight: 400;\"> aporta una chispa de energ\u00eda y amplios conocimientos empresariales gracias a sus a\u00f1os de experiencia trabajando en puestos directivos a nivel corporativo. Se licenci\u00f3 en Administraci\u00f3n de Empresas por la Metropolitan State University y obtuvo un m\u00e1ster en Contabilidad por la DU, tras lo cual trabaj\u00f3 en empresas de prestigio como Kroenke Sports y Arrow Electronics.<\/p>\n<p style=\"font-weight: 400;\">La experiencia laboral de  y su enorme don de gentes se utilizar\u00e1n para ampliar el conocimiento de la marca, buscar nuevas oportunidades de marketing y desarrollo, y analizar datos empresariales para producir m\u00e9tricas funcionales que Varner Injury Advocates utilizar\u00e1 para evolucionar y crecer.<\/p>\n<p style=\"font-weight: 400;\">En su tiempo libre, a  le gusta pescar, jugar al golf, cocinar y ver pel\u00edculas con su mujer y sus tres perros: Bindi, Neko y Dennis. Tambi\u00e9n le gusta viajar a las monta\u00f1as y m\u00e1s all\u00e1 en busca de los mejores lugares y restaurantes.<\/p>","protected":false},"excerpt":{"rendered":"<p> aporta una chispa de energ\u00eda y amplios conocimientos empresariales gracias a sus a\u00f1os de experiencia trabajando en puestos directivos a nivel corporativo. Se licenci\u00f3 en Administraci\u00f3n de Empresas por la Metropolitan State University y obtuvo un m\u00e1ster en Contabilidad por la DU, tras lo cual trabaj\u00f3 en empresas de prestigio como Kroenke Sports y<\/p>","protected":false},"author":15,"featured_media":0,"parent":644,"menu_order":0,"comment_status":"closed","ping_status":"closed","template":"page-attorney.php","meta":{"_acf_changed":false,"footnotes":""},"class_list":["post-2646","page","type-page","status-publish","hentry"],"acf":[],"yoast_head":"<!-- This site is optimized with the Yoast SEO Premium plugin v21.4 (Yoast SEO v25.7) - https:\/\/yoast.com\/wordpress\/plugins\/seo\/ -->\n<title> Faddis Director of Business Development | Law Firm in Denver | Varner Faddis Elite Legal<\/title>\n<meta name=\"description\" content=\" Faddis is a Director of Business at Varner Faddis Elite Legal in Denver, CO. The law firm specializes in car accidents, criminal defense, &amp; other areas.\" \/>\n<meta name=\"robots\" content=\"index, follow, max-snippet:-1, max-image-preview:large, max-video-preview:-1\" \/>\n<link rel=\"canonical\" href=\"https:\/\/varnerinjuryadvocates.com\/es\/nuestro-equipo\/ben-faddis\/\" \/>\n<meta property=\"og:locale\" content=\"es_MX\" \/>\n<meta property=\"og:type\" content=\"article\" \/>\n<meta property=\"og:title\" content=\" Faddis Director of Business Development\" \/>\n<meta property=\"og:description\" content=\" Faddis is a Director of Business at Varner Faddis Elite Legal in Denver, CO. The law firm specializes in car accidents, criminal defense, &amp; other areas.\" \/>\n<meta property=\"og:url\" content=\"https:\/\/varnerinjuryadvocates.com\/es\/nuestro-equipo\/ben-faddis\/\" \/>\n<meta property=\"og:site_name\" content=\"Varner Elite Legal\" \/>\n<meta property=\"article:publisher\" content=\"https:\/\/www.facebook.com\/VFELcolorado\/\" \/>\n<meta property=\"article:modified_time\" content=\"2025-02-18T14:41:03+00:00\" \/>\n<meta name=\"twitter:card\" content=\"summary_large_image\" \/>\n<meta name=\"twitter:label1\" content=\"Tiempo de lectura\" \/>\n\t<meta name=\"twitter:data1\" content=\"1 minuto\" \/>\n<script type=\"application\/ld+json\" class=\"yoast-schema-graph\">{\"@context\":\"https:\/\/schema.org\",\"@graph\":[{\"@type\":\"WebPage\",\"@id\":\"https:\/\/varnerinjuryadvocates.com\/our-team\/ben-faddis\/\",\"url\":\"https:\/\/varnerinjuryadvocates.com\/our-team\/ben-faddis\/\",\"name\":\" Faddis Director of Business Development | Law Firm in Denver | Varner Faddis Elite Legal\",\"isPartOf\":{\"@id\":\"https:\/\/varnerinjuryadvocates.com\/#website\"},\"datePublished\":\"2023-10-26T17:01:10+00:00\",\"dateModified\":\"2025-02-18T14:41:03+00:00\",\"description\":\" Faddis is a Director of Business at Varner Faddis Elite Legal in Denver, CO. The law firm specializes in car accidents, criminal defense, & other areas.\",\"breadcrumb\":{\"@id\":\"https:\/\/varnerinjuryadvocates.com\/our-team\/ben-faddis\/#breadcrumb\"},\"inLanguage\":\"es\",\"potentialAction\":[{\"@type\":\"ReadAction\",\"target\":[\"https:\/\/varnerinjuryadvocates.com\/our-team\/ben-faddis\/\"]}]},{\"@type\":\"BreadcrumbList\",\"@id\":\"https:\/\/varnerinjuryadvocates.com\/our-team\/ben-faddis\/#breadcrumb\",\"itemListElement\":[{\"@type\":\"ListItem\",\"position\":1,\"name\":\"Home\",\"item\":\"https:\/\/varnerinjuryadvocates.com\/\"},{\"@type\":\"ListItem\",\"position\":2,\"name\":\"Our Firm\",\"item\":\"https:\/\/varnerinjuryadvocates.com\/our-team\/\"},{\"@type\":\"ListItem\",\"position\":3,\"name\":\" Faddis Director of Business Development\"}]},{\"@type\":\"WebSite\",\"@id\":\"https:\/\/varnerinjuryadvocates.com\/#website\",\"url\":\"https:\/\/varnerinjuryadvocates.com\/\",\"name\":\"Varner Elite Legal\",\"description\":\"A New Kind Of Personal Injury Law Firm\",\"publisher\":{\"@id\":\"https:\/\/varnerinjuryadvocates.com\/#organization\"},\"potentialAction\":[{\"@type\":\"SearchAction\",\"target\":{\"@type\":\"EntryPoint\",\"urlTemplate\":\"https:\/\/varnerinjuryadvocates.com\/?s={search_term_string}\"},\"query-input\":{\"@type\":\"PropertyValueSpecification\",\"valueRequired\":true,\"valueName\":\"search_term_string\"}}],\"inLanguage\":\"es\"},{\"@type\":\"Organization\",\"@id\":\"https:\/\/varnerinjuryadvocates.com\/#organization\",\"name\":\"Varner Faddis Elite Legal, PLLC\",\"url\":\"https:\/\/varnerinjuryadvocates.com\/\",\"logo\":{\"@type\":\"ImageObject\",\"inLanguage\":\"es\",\"@id\":\"https:\/\/varnerinjuryadvocates.com\/#\/schema\/logo\/image\/\",\"url\":\"https:\/\/varnerinjuryadvocates.com\/wp-content\/uploads\/2020\/09\/VarnerFaddis-MainLogo-Black-Web.jpg\",\"contentUrl\":\"https:\/\/varnerinjuryadvocates.com\/wp-content\/uploads\/2020\/09\/VarnerFaddis-MainLogo-Black-Web.jpg\",\"width\":2000,\"height\":1456,\"caption\":\"Varner Faddis Elite Legal, PLLC\"},\"image\":{\"@id\":\"https:\/\/varnerinjuryadvocates.com\/#\/schema\/logo\/image\/\"},\"sameAs\":[\"https:\/\/www.facebook.com\/VFELcolorado\/\",\"https:\/\/www.instagram.com\/varnerfaddis\/\"]}]}<\/script>\n<!-- \/ Yoast SEO Premium plugin. -->","yoast_head_json":{"title":" Faddis Director de Desarrollo de Negocio | Despacho de Abogados en Denver | Varner Faddis Elite Legal","description":" Faddis es Director de Negocios en Varner Faddis Elite Legal en Denver, CO. El bufete de abogados se especializa en accidentes de coche, defensa criminal y otras \u00e1reas.","robots":{"index":"index","follow":"follow","max-snippet":"max-snippet:-1","max-image-preview":"max-image-preview:large","max-video-preview":"max-video-preview:-1"},"canonical":"https:\/\/varnerinjuryadvocates.com\/es\/nuestro-equipo\/ben-faddis\/","og_locale":"es_MX","og_type":"article","og_title":" Faddis Director of Business Development","og_description":" Faddis is a Director of Business at Varner Faddis Elite Legal in Denver, CO. The law firm specializes in car accidents, criminal defense, & other areas.","og_url":"https:\/\/varnerinjuryadvocates.com\/es\/nuestro-equipo\/ben-faddis\/","og_site_name":"Varner Elite Legal","article_publisher":"https:\/\/www.facebook.com\/VFELcolorado\/","article_modified_time":"2025-02-18T14:41:03+00:00","twitter_card":"summary_large_image","twitter_misc":{"Tiempo de lectura":"1 minuto"},"schema":{"@context":"https:\/\/schema.org","@graph":[{"@type":"WebPage","@id":"https:\/\/varnerinjuryadvocates.com\/our-team\/ben-faddis\/","url":"https:\/\/varnerinjuryadvocates.com\/our-team\/ben-faddis\/","name":" Faddis Director de Desarrollo de Negocio | Despacho de Abogados en Denver | Varner Faddis Elite Legal","isPartOf":{"@id":"https:\/\/varnerinjuryadvocates.com\/#website"},"datePublished":"2023-10-26T17:01:10+00:00","dateModified":"2025-02-18T14:41:03+00:00","description":" Faddis es Director de Negocios en Varner Faddis Elite Legal en Denver, CO. El bufete de abogados se especializa en accidentes de coche, defensa criminal y otras \u00e1reas.","breadcrumb":{"@id":"https:\/\/varnerinjuryadvocates.com\/our-team\/ben-faddis\/#breadcrumb"},"inLanguage":"es","potentialAction":[{"@type":"ReadAction","target":["https:\/\/varnerinjuryadvocates.com\/our-team\/ben-faddis\/"]}]},{"@type":"BreadcrumbList","@id":"https:\/\/varnerinjuryadvocates.com\/our-team\/ben-faddis\/#breadcrumb","itemListElement":[{"@type":"ListItem","position":1,"name":"Home","item":"https:\/\/varnerinjuryadvocates.com\/"},{"@type":"ListItem","position":2,"name":"Our Firm","item":"https:\/\/varnerinjuryadvocates.com\/our-team\/"},{"@type":"ListItem","position":3,"name":" Faddis Director of Business Development"}]},{"@type":"WebSite","@id":"https:\/\/varnerinjuryadvocates.com\/#website","url":"https:\/\/varnerinjuryadvocates.com\/","name":"Varner Elite Legal","description":"Un nuevo tipo de bufete de abogados especializados en lesiones personales","publisher":{"@id":"https:\/\/varnerinjuryadvocates.com\/#organization"},"potentialAction":[{"@type":"SearchAction","target":{"@type":"EntryPoint","urlTemplate":"https:\/\/varnerinjuryadvocates.com\/?s={search_term_string}"},"query-input":{"@type":"PropertyValueSpecification","valueRequired":true,"valueName":"search_term_string"}}],"inLanguage":"es"},{"@type":"Organization","@id":"https:\/\/varnerinjuryadvocates.com\/#organization","name":"Varner Faddis Elite Legal, PLLC","url":"https:\/\/varnerinjuryadvocates.com\/","logo":{"@type":"ImageObject","inLanguage":"es","@id":"https:\/\/varnerinjuryadvocates.com\/#\/schema\/logo\/image\/","url":"https:\/\/varnerinjuryadvocates.com\/wp-content\/uploads\/2020\/09\/VarnerFaddis-MainLogo-Black-Web.jpg","contentUrl":"https:\/\/varnerinjuryadvocates.com\/wp-content\/uploads\/2020\/09\/VarnerFaddis-MainLogo-Black-Web.jpg","width":2000,"height":1456,"caption":"Varner Faddis Elite Legal, PLLC"},"image":{"@id":"https:\/\/varnerinjuryadvocates.com\/#\/schema\/logo\/image\/"},"sameAs":["https:\/\/www.facebook.com\/VFELcolorado\/","https:\/\/www.instagram.com\/varnerfaddis\/"]}]}},"_links":{"self":[{"href":"https:\/\/varnerinjuryadvocates.com\/es\/wp-json\/wp\/v2\/pages\/2646","targetHints":{"allow":["GET"]}}],"collection":[{"href":"https:\/\/varnerinjuryadvocates.com\/es\/wp-json\/wp\/v2\/pages"}],"about":[{"href":"https:\/\/varnerinjuryadvocates.com\/es\/wp-json\/wp\/v2\/types\/page"}],"author":[{"embeddable":true,"href":"https:\/\/varnerinjuryadvocates.com\/es\/wp-json\/wp\/v2\/users\/15"}],"replies":[{"embeddable":true,"href":"https:\/\/varnerinjuryadvocates.com\/es\/wp-json\/wp\/v2\/comments?post=2646"}],"version-history":[{"count":0,"href":"https:\/\/varnerinjuryadvocates.com\/es\/wp-json\/wp\/v2\/pages\/2646\/revisions"}],"up":[{"embeddable":true,"href":"https:\/\/varnerinjuryadvocates.com\/es\/wp-json\/wp\/v2\/pages\/644"}],"wp:attachment":[{"href":"https:\/\/varnerinjuryadvocates.com\/es\/wp-json\/wp\/v2\/media?parent=2646"}],"curies":[{"name":"wp","href":"https:\/\/api.w.org\/{rel}","templated":true}]}}