{"id":889,"date":"2018-08-11T11:15:24","date_gmt":"2018-08-11T11:15:24","guid":{"rendered":"http:\/\/localhost:8888\/cannon\/?page_id=889"},"modified":"2026-02-11T01:58:18","modified_gmt":"2026-02-11T08:58:18","slug":"lauren-varner","status":"publish","type":"page","link":"https:\/\/varnerinjuryadvocates.com\/es\/nuestro-equipo\/lauren-varner\/","title":{"rendered":"Lauren Varner Abogada"},"content":{"rendered":"<p>Lauren Varner es abogada litigante y socia fundadora de Varner Injury Advocates, un bufete de abogados de lesiones personales y homicidio culposo con sede en Colorado. Ha construido una carrera definida por la compasi\u00f3n, la integridad y un feroz compromiso con sus clientes. Con experiencia que abarca litigios civiles complejos, acuerdos de alto valor, y el juicio y el trabajo de apelaci\u00f3n en los tribunales estatales y federales, Lauren es conocida por su precisi\u00f3n estrat\u00e9gica y la defensa implacable.<\/p>\n<p><a class=\"button\" href=\"hhttps:\/\/varnerinjuryadvocates.com\/contact-us\/\">Contacte con nosotros<\/a><\/p>\n<p>Su pr\u00e1ctica da prioridad a la educaci\u00f3n del cliente, la confianza y la transparencia, abordando el trabajo legal como una asociaci\u00f3n centrada en el ser humano en lugar de una transacci\u00f3n. El trabajo de Lauren se ha traducido en millones de indemnizaci\u00f3n para las v\u00edctimas de lesiones y familias cuyas vidas han sido profundamente alteradas por negligencia o mala conducta.<\/p>\n<p>Lauren es licenciada en Colorado y en el Tribunal de Distrito de EE.UU. para el Distrito de Colorado. Obtuvo su doctorado en Derecho en la Facultad de Derecho Sturm de la Universidad de Denver y es licenciada en Sociolog\u00eda por la Universidad de Denver, donde se gradu\u00f3 summa cum laude. Ha aparecido en medios de comunicaci\u00f3n nacionales como CBS News y Newsweek.<\/p>\n<h3>Ubicaciones en las que prestamos servicio<\/h3>\n<p><a class=\"button\" href=\"https:\/\/varnerinjuryadvocates.com\/es\/areas-de-practica\/\">Abogados de Lesiones<\/a>\u00a0 <a class=\"button\" href=\"https:\/\/varnerinjuryadvocates.com\/es\/centennial-abogado-de-lesiones-personales\/\">Centenario<\/a><\/p>\n<p>&nbsp;<\/p>\n<p><script type=\"application\/ld+json\">{\n    \"@context\": \"https:\\\/\\\/schema.org\\\/\",\n    \"@type\": \"Person\",\n    \"name\": \"Lauren Varner\",\n    \"url\": \"https:\\\/\\\/varnerinjuryadvocates.com\\\/our-team\\\/lauren-varner\\\/\",\n    \"image\": \"https:\\\/\\\/varnerinjuryadvocates.com\\\/wp-content\\\/uploads\\\/2023\\\/09\\\/Lauren-Varner-VFEL-Attorney.jpg\",\n    \"sameAs\": [\n        \"https:\\\/\\\/www.facebook.com\\\/VFELcolorado\\\/\",\n        \"https:\\\/\\\/www.instagram.com\\\/varnerfaddis\\\/\"\n    ],\n    \"jobTitle\": \"Personal Injury Attorney\",\n    \"worksFor\": {\n        \"@type\": \"Organization\",\n        \"name\": \"Varner Injury Advocates\"\n    }\n}<\/script><\/p>","protected":false},"excerpt":{"rendered":"<p>Lauren Varner is a trial attorney and the founding partner of Varner Injury Advocates, a Colorado-based personal injury and wrongful death law firm. She has built a career defined by compassion, integrity, and a fierce commitment to her clients. With experience spanning complex civil litigation, high-value settlements, and trial and appellate work<\/p>","protected":false},"author":15,"featured_media":0,"parent":644,"menu_order":0,"comment_status":"closed","ping_status":"closed","template":"page-attorney.php","meta":{"_acf_changed":false,"footnotes":""},"class_list":["post-889","page","type-page","status-publish","hentry"],"acf":[],"yoast_head":"<!-- This site is optimized with the Yoast SEO Premium plugin v21.4 (Yoast SEO v25.7) - https:\/\/yoast.com\/wordpress\/plugins\/seo\/ -->\n<title>Lauren Varner Attorney | Law Firm in Denver | Varner Faddis Elite Legal<\/title>\n<meta name=\"description\" content=\"Meet Lauren Varner, a Denver personal injury attorney at Varner Faddis. Lauren has a proven track record of success in helping clients. Contact us today!\" \/>\n<meta name=\"robots\" content=\"index, follow, max-snippet:-1, max-image-preview:large, max-video-preview:-1\" \/>\n<link rel=\"canonical\" href=\"https:\/\/varnerinjuryadvocates.com\/es\/nuestro-equipo\/lauren-varner\/\" \/>\n<meta property=\"og:locale\" content=\"es_MX\" \/>\n<meta property=\"og:type\" content=\"article\" \/>\n<meta property=\"og:title\" content=\"Lauren Varner Attorney\" \/>\n<meta property=\"og:description\" content=\"Meet Lauren Varner, a Denver personal injury attorney at Varner Faddis. Lauren has a proven track record of success in helping clients. Contact us today!\" \/>\n<meta property=\"og:url\" content=\"https:\/\/varnerinjuryadvocates.com\/es\/nuestro-equipo\/lauren-varner\/\" \/>\n<meta property=\"og:site_name\" content=\"Varner Elite Legal\" \/>\n<meta property=\"article:publisher\" content=\"https:\/\/www.facebook.com\/VFELcolorado\/\" \/>\n<meta property=\"article:modified_time\" content=\"2026-02-11T08:58:18+00:00\" \/>\n<meta name=\"twitter:card\" content=\"summary_large_image\" \/>\n<meta name=\"twitter:label1\" content=\"Tiempo de lectura\" \/>\n\t<meta name=\"twitter:data1\" content=\"1 minuto\" \/>\n<script type=\"application\/ld+json\" class=\"yoast-schema-graph\">{\"@context\":\"https:\/\/schema.org\",\"@graph\":[{\"@type\":\"WebPage\",\"@id\":\"https:\/\/varnerinjuryadvocates.com\/our-team\/lauren-varner\/\",\"url\":\"https:\/\/varnerinjuryadvocates.com\/our-team\/lauren-varner\/\",\"name\":\"Lauren Varner Attorney | Law Firm in Denver | Varner Faddis Elite Legal\",\"isPartOf\":{\"@id\":\"https:\/\/varnerinjuryadvocates.com\/#website\"},\"datePublished\":\"2018-08-11T11:15:24+00:00\",\"dateModified\":\"2026-02-11T08:58:18+00:00\",\"description\":\"Meet Lauren Varner, a Denver personal injury attorney at Varner Faddis. Lauren has a proven track record of success in helping clients. Contact us today!\",\"breadcrumb\":{\"@id\":\"https:\/\/varnerinjuryadvocates.com\/our-team\/lauren-varner\/#breadcrumb\"},\"inLanguage\":\"es\",\"potentialAction\":[{\"@type\":\"ReadAction\",\"target\":[\"https:\/\/varnerinjuryadvocates.com\/our-team\/lauren-varner\/\"]}]},{\"@type\":\"BreadcrumbList\",\"@id\":\"https:\/\/varnerinjuryadvocates.com\/our-team\/lauren-varner\/#breadcrumb\",\"itemListElement\":[{\"@type\":\"ListItem\",\"position\":1,\"name\":\"Home\",\"item\":\"https:\/\/varnerinjuryadvocates.com\/\"},{\"@type\":\"ListItem\",\"position\":2,\"name\":\"Our Firm\",\"item\":\"https:\/\/varnerinjuryadvocates.com\/our-team\/\"},{\"@type\":\"ListItem\",\"position\":3,\"name\":\"Lauren Varner Attorney\"}]},{\"@type\":\"WebSite\",\"@id\":\"https:\/\/varnerinjuryadvocates.com\/#website\",\"url\":\"https:\/\/varnerinjuryadvocates.com\/\",\"name\":\"Varner Elite Legal\",\"description\":\"A New Kind Of Personal Injury Law Firm\",\"publisher\":{\"@id\":\"https:\/\/varnerinjuryadvocates.com\/#organization\"},\"potentialAction\":[{\"@type\":\"SearchAction\",\"target\":{\"@type\":\"EntryPoint\",\"urlTemplate\":\"https:\/\/varnerinjuryadvocates.com\/?s={search_term_string}\"},\"query-input\":{\"@type\":\"PropertyValueSpecification\",\"valueRequired\":true,\"valueName\":\"search_term_string\"}}],\"inLanguage\":\"es\"},{\"@type\":\"Organization\",\"@id\":\"https:\/\/varnerinjuryadvocates.com\/#organization\",\"name\":\"Varner Faddis Elite Legal, PLLC\",\"url\":\"https:\/\/varnerinjuryadvocates.com\/\",\"logo\":{\"@type\":\"ImageObject\",\"inLanguage\":\"es\",\"@id\":\"https:\/\/varnerinjuryadvocates.com\/#\/schema\/logo\/image\/\",\"url\":\"https:\/\/varnerinjuryadvocates.com\/wp-content\/uploads\/2020\/09\/VarnerFaddis-MainLogo-Black-Web.jpg\",\"contentUrl\":\"https:\/\/varnerinjuryadvocates.com\/wp-content\/uploads\/2020\/09\/VarnerFaddis-MainLogo-Black-Web.jpg\",\"width\":2000,\"height\":1456,\"caption\":\"Varner Faddis Elite Legal, PLLC\"},\"image\":{\"@id\":\"https:\/\/varnerinjuryadvocates.com\/#\/schema\/logo\/image\/\"},\"sameAs\":[\"https:\/\/www.facebook.com\/VFELcolorado\/\",\"https:\/\/www.instagram.com\/varnerfaddis\/\"]}]}<\/script>\n<!-- \/ Yoast SEO Premium plugin. -->","yoast_head_json":{"title":"Lauren Varner Abogada | Despacho de Abogados en Denver | Varner Faddis Elite Legal","description":"Conozca a Lauren Varner, una abogada de lesiones personales de Denver en Varner Faddis. Lauren tiene un historial probado de \u00e9xito en ayudar a los clientes. \u00a1P\u00f3ngase en contacto con nosotros hoy!","robots":{"index":"index","follow":"follow","max-snippet":"max-snippet:-1","max-image-preview":"max-image-preview:large","max-video-preview":"max-video-preview:-1"},"canonical":"https:\/\/varnerinjuryadvocates.com\/es\/nuestro-equipo\/lauren-varner\/","og_locale":"es_MX","og_type":"article","og_title":"Lauren Varner Attorney","og_description":"Meet Lauren Varner, a Denver personal injury attorney at Varner Faddis. Lauren has a proven track record of success in helping clients. Contact us today!","og_url":"https:\/\/varnerinjuryadvocates.com\/es\/nuestro-equipo\/lauren-varner\/","og_site_name":"Varner Elite Legal","article_publisher":"https:\/\/www.facebook.com\/VFELcolorado\/","article_modified_time":"2026-02-11T08:58:18+00:00","twitter_card":"summary_large_image","twitter_misc":{"Tiempo de lectura":"1 minuto"},"schema":{"@context":"https:\/\/schema.org","@graph":[{"@type":"WebPage","@id":"https:\/\/varnerinjuryadvocates.com\/our-team\/lauren-varner\/","url":"https:\/\/varnerinjuryadvocates.com\/our-team\/lauren-varner\/","name":"Lauren Varner Abogada | Despacho de Abogados en Denver | Varner Faddis Elite Legal","isPartOf":{"@id":"https:\/\/varnerinjuryadvocates.com\/#website"},"datePublished":"2018-08-11T11:15:24+00:00","dateModified":"2026-02-11T08:58:18+00:00","description":"Conozca a Lauren Varner, una abogada de lesiones personales de Denver en Varner Faddis. Lauren tiene un historial probado de \u00e9xito en ayudar a los clientes. \u00a1P\u00f3ngase en contacto con nosotros hoy!","breadcrumb":{"@id":"https:\/\/varnerinjuryadvocates.com\/our-team\/lauren-varner\/#breadcrumb"},"inLanguage":"es","potentialAction":[{"@type":"ReadAction","target":["https:\/\/varnerinjuryadvocates.com\/our-team\/lauren-varner\/"]}]},{"@type":"BreadcrumbList","@id":"https:\/\/varnerinjuryadvocates.com\/our-team\/lauren-varner\/#breadcrumb","itemListElement":[{"@type":"ListItem","position":1,"name":"Home","item":"https:\/\/varnerinjuryadvocates.com\/"},{"@type":"ListItem","position":2,"name":"Our Firm","item":"https:\/\/varnerinjuryadvocates.com\/our-team\/"},{"@type":"ListItem","position":3,"name":"Lauren Varner Attorney"}]},{"@type":"WebSite","@id":"https:\/\/varnerinjuryadvocates.com\/#website","url":"https:\/\/varnerinjuryadvocates.com\/","name":"Varner Elite Legal","description":"Un nuevo tipo de bufete de abogados especializados en lesiones personales","publisher":{"@id":"https:\/\/varnerinjuryadvocates.com\/#organization"},"potentialAction":[{"@type":"SearchAction","target":{"@type":"EntryPoint","urlTemplate":"https:\/\/varnerinjuryadvocates.com\/?s={search_term_string}"},"query-input":{"@type":"PropertyValueSpecification","valueRequired":true,"valueName":"search_term_string"}}],"inLanguage":"es"},{"@type":"Organization","@id":"https:\/\/varnerinjuryadvocates.com\/#organization","name":"Varner Faddis Elite Legal, PLLC","url":"https:\/\/varnerinjuryadvocates.com\/","logo":{"@type":"ImageObject","inLanguage":"es","@id":"https:\/\/varnerinjuryadvocates.com\/#\/schema\/logo\/image\/","url":"https:\/\/varnerinjuryadvocates.com\/wp-content\/uploads\/2020\/09\/VarnerFaddis-MainLogo-Black-Web.jpg","contentUrl":"https:\/\/varnerinjuryadvocates.com\/wp-content\/uploads\/2020\/09\/VarnerFaddis-MainLogo-Black-Web.jpg","width":2000,"height":1456,"caption":"Varner Faddis Elite Legal, PLLC"},"image":{"@id":"https:\/\/varnerinjuryadvocates.com\/#\/schema\/logo\/image\/"},"sameAs":["https:\/\/www.facebook.com\/VFELcolorado\/","https:\/\/www.instagram.com\/varnerfaddis\/"]}]}},"_links":{"self":[{"href":"https:\/\/varnerinjuryadvocates.com\/es\/wp-json\/wp\/v2\/pages\/889","targetHints":{"allow":["GET"]}}],"collection":[{"href":"https:\/\/varnerinjuryadvocates.com\/es\/wp-json\/wp\/v2\/pages"}],"about":[{"href":"https:\/\/varnerinjuryadvocates.com\/es\/wp-json\/wp\/v2\/types\/page"}],"author":[{"embeddable":true,"href":"https:\/\/varnerinjuryadvocates.com\/es\/wp-json\/wp\/v2\/users\/15"}],"replies":[{"embeddable":true,"href":"https:\/\/varnerinjuryadvocates.com\/es\/wp-json\/wp\/v2\/comments?post=889"}],"version-history":[{"count":0,"href":"https:\/\/varnerinjuryadvocates.com\/es\/wp-json\/wp\/v2\/pages\/889\/revisions"}],"up":[{"embeddable":true,"href":"https:\/\/varnerinjuryadvocates.com\/es\/wp-json\/wp\/v2\/pages\/644"}],"wp:attachment":[{"href":"https:\/\/varnerinjuryadvocates.com\/es\/wp-json\/wp\/v2\/media?parent=889"}],"curies":[{"name":"wp","href":"https:\/\/api.w.org\/{rel}","templated":true}]}}